{"id":10,"date":"2019-02-09T10:48:18","date_gmt":"2019-02-09T09:48:18","guid":{"rendered":"http:\/\/friville.lobs.pro\/wordpress\/?page_id=10"},"modified":"2022-02-21T23:05:48","modified_gmt":"2022-02-21T22:05:48","slug":"accueil","status":"publish","type":"page","link":"http:\/\/www.friville-editions.org\/wordpress\/","title":{"rendered":"Accueil"},"content":{"rendered":"\t\t<div data-elementor-type=\"wp-page\" data-elementor-id=\"10\" class=\"elementor elementor-10\">\n\t\t\t\t\t\t<section class=\"elementor-section elementor-top-section elementor-element elementor-element-daecb59 elementor-section-boxed elementor-section-height-default elementor-section-height-default\" data-id=\"daecb59\" data-element_type=\"section\">\n\t\t\t\t\t\t<div class=\"elementor-container elementor-column-gap-default\">\n\t\t\t\t\t<div class=\"elementor-column elementor-col-100 elementor-top-column elementor-element elementor-element-3d549ff\" data-id=\"3d549ff\" data-element_type=\"column\">\n\t\t\t<div class=\"elementor-widget-wrap elementor-element-populated\">\n\t\t\t\t\t\t<div class=\"elementor-element elementor-element-f3bb206 elementor-widget elementor-widget-heading\" data-id=\"f3bb206\" data-element_type=\"widget\" data-widget_type=\"heading.default\">\n\t\t\t\t<div class=\"elementor-widget-container\">\n\t\t\t\t\t<h2 class=\"elementor-heading-title elementor-size-default\">l'ouvrage monographique ou th\u00e9matique<p>reste toujours \u00e0 inventer<\/h2>\t\t\t\t<\/div>\n\t\t\t\t<\/div>\n\t\t\t\t<div class=\"elementor-element elementor-element-4d8d116 animated-slow elementor-absolute elementor-invisible elementor-widget elementor-widget-text-editor\" data-id=\"4d8d116\" data-element_type=\"widget\" data-settings=\"{&quot;_animation&quot;:&quot;fadeInDown&quot;,&quot;_animation_delay&quot;:4000,&quot;_position&quot;:&quot;absolute&quot;}\" data-widget_type=\"text-editor.default\">\n\t\t\t\t<div class=\"elementor-widget-container\">\n\t\t\t\t\t\t\t\t\t<p><a href=\"http:\/\/www.friville-editions.org\/wordpress\/index.php\/nos-infos\/\"><strong><span style=\"color: #ea4dc0;\"><i>Friville \u00e9ditions<\/i><\/span><\/strong><span><span style=\"color: #134d9e;\"><strong>,<\/strong> un soutien \u00e0 la r\u00e9alisation d&rsquo;ouvrages con\u00e7us et r\u00e9alis\u00e9s par les artistes sur une recherche, une exp\u00e9rimentation dans leur travail mais aussi, selon les rencontres, \u00e0 des \u00e9ditions insolites\u2026 une trace pertinente d&rsquo;une exposition, une documentation sur le processus en cours, un \u00e9tat des lieux du r\u00e9seau complexe qui pr\u00e9c\u00e8de l&rsquo;existence de l&rsquo;\u0153uvre et, peut-\u00eatre aussi, une \u0153uvre \u00e0 part enti\u00e8re\u2026<\/span><br \/><\/span><span style=\"color: #ea4dc0;\"><strong><i>Friville \u00e9ditions<\/i><\/strong><\/span><span style=\"color: #134d9e;\"> est un lieu de diffusion, un lieu d&rsquo;exposition, un espace critique, un espace de confrontations et de rencontres avec d&rsquo;autres artistes.<\/span><\/a><\/p>\t\t\t\t\t\t\t\t<\/div>\n\t\t\t\t<\/div>\n\t\t\t\t<div class=\"elementor-element elementor-element-2a7b5b1 animated-slow elementor-absolute elementor-invisible elementor-widget elementor-widget-image\" data-id=\"2a7b5b1\" data-element_type=\"widget\" data-settings=\"{&quot;_animation&quot;:&quot;rollIn&quot;,&quot;_animation_delay&quot;:1000,&quot;_position&quot;:&quot;absolute&quot;}\" data-widget_type=\"image.default\">\n\t\t\t\t<div class=\"elementor-widget-container\">\n\t\t\t\t\t\t\t\t\t\t\t\t\t\t\t\t<a href=\"http:\/\/www.friville-editions.org\/wordpress\/index.php\/friville-editions\/\">\n\t\t\t\t\t\t\t<img fetchpriority=\"high\" decoding=\"async\" width=\"750\" height=\"396\" src=\"http:\/\/www.friville-editions.org\/wordpress\/wp-content\/uploads\/2020\/11\/LOGO-FE-Transparent-768x406.png\" class=\"attachment-medium_large size-medium_large wp-image-4736\" alt=\"\" srcset=\"http:\/\/www.friville-editions.org\/wordpress\/wp-content\/uploads\/2020\/11\/LOGO-FE-Transparent-768x406.png 768w, http:\/\/www.friville-editions.org\/wordpress\/wp-content\/uploads\/2020\/11\/LOGO-FE-Transparent-300x159.png 300w, http:\/\/www.friville-editions.org\/wordpress\/wp-content\/uploads\/2020\/11\/LOGO-FE-Transparent-1024x542.png 1024w, http:\/\/www.friville-editions.org\/wordpress\/wp-content\/uploads\/2020\/11\/LOGO-FE-Transparent-1536x813.png 1536w, http:\/\/www.friville-editions.org\/wordpress\/wp-content\/uploads\/2020\/11\/LOGO-FE-Transparent-2048x1083.png 2048w, http:\/\/www.friville-editions.org\/wordpress\/wp-content\/uploads\/2020\/11\/LOGO-FE-Transparent-600x317.png 600w\" sizes=\"(max-width: 750px) 100vw, 750px\" \/>\t\t\t\t\t\t\t\t<\/a>\n\t\t\t\t\t\t\t\t\t\t\t\t\t\t\t<\/div>\n\t\t\t\t<\/div>\n\t\t\t\t\t<\/div>\n\t\t<\/div>\n\t\t\t\t\t<\/div>\n\t\t<\/section>\n\t\t\t\t<section class=\"elementor-section elementor-top-section elementor-element elementor-element-feeaab6 elementor-section-boxed elementor-section-height-default elementor-section-height-default\" data-id=\"feeaab6\" data-element_type=\"section\">\n\t\t\t\t\t\t<div class=\"elementor-container elementor-column-gap-default\">\n\t\t\t\t\t<div class=\"elementor-column elementor-col-100 elementor-top-column elementor-element elementor-element-9ba62e7\" data-id=\"9ba62e7\" data-element_type=\"column\">\n\t\t\t<div class=\"elementor-widget-wrap elementor-element-populated\">\n\t\t\t\t\t\t<div class=\"elementor-element elementor-element-93084c1 elementor-widget elementor-widget-image\" data-id=\"93084c1\" data-element_type=\"widget\" data-widget_type=\"image.default\">\n\t\t\t\t<div class=\"elementor-widget-container\">\n\t\t\t\t\t\t\t\t\t\t\t\t\t\t\t\t<a href=\"http:\/\/www.friville-editions.org\/wordpress\/index.php\/nos-infos\/\">\n\t\t\t\t\t\t\t<img decoding=\"async\" width=\"1366\" height=\"911\" src=\"http:\/\/www.friville-editions.org\/wordpress\/wp-content\/uploads\/2020\/11\/IMG_0105-AdhesionTransp-1-1366x911-1.jpg\" class=\"attachment-2048x2048 size-2048x2048 wp-image-4750\" alt=\"\" srcset=\"http:\/\/www.friville-editions.org\/wordpress\/wp-content\/uploads\/2020\/11\/IMG_0105-AdhesionTransp-1-1366x911-1.jpg 1366w, http:\/\/www.friville-editions.org\/wordpress\/wp-content\/uploads\/2020\/11\/IMG_0105-AdhesionTransp-1-1366x911-1-300x200.jpg 300w, http:\/\/www.friville-editions.org\/wordpress\/wp-content\/uploads\/2020\/11\/IMG_0105-AdhesionTransp-1-1366x911-1-1024x683.jpg 1024w, http:\/\/www.friville-editions.org\/wordpress\/wp-content\/uploads\/2020\/11\/IMG_0105-AdhesionTransp-1-1366x911-1-768x512.jpg 768w, http:\/\/www.friville-editions.org\/wordpress\/wp-content\/uploads\/2020\/11\/IMG_0105-AdhesionTransp-1-1366x911-1-360x240.jpg 360w, http:\/\/www.friville-editions.org\/wordpress\/wp-content\/uploads\/2020\/11\/IMG_0105-AdhesionTransp-1-1366x911-1-600x400.jpg 600w\" sizes=\"(max-width: 1366px) 100vw, 1366px\" \/>\t\t\t\t\t\t\t\t<\/a>\n\t\t\t\t\t\t\t\t\t\t\t\t\t\t\t<\/div>\n\t\t\t\t<\/div>\n\t\t\t\t<div class=\"elementor-element elementor-element-2f1c4ed elementor-widget elementor-widget-spacer\" data-id=\"2f1c4ed\" data-element_type=\"widget\" data-widget_type=\"spacer.default\">\n\t\t\t\t<div class=\"elementor-widget-container\">\n\t\t\t\t\t\t\t<div class=\"elementor-spacer\">\n\t\t\t<div class=\"elementor-spacer-inner\"><\/div>\n\t\t<\/div>\n\t\t\t\t\t\t<\/div>\n\t\t\t\t<\/div>\n\t\t\t\t\t<\/div>\n\t\t<\/div>\n\t\t\t\t\t<\/div>\n\t\t<\/section>\n\t\t\t\t<section class=\"elementor-section elementor-top-section elementor-element elementor-element-78aeff9 elementor-section-boxed elementor-section-height-default elementor-section-height-default\" data-id=\"78aeff9\" data-element_type=\"section\">\n\t\t\t\t\t\t<div class=\"elementor-container elementor-column-gap-default\">\n\t\t\t\t\t<div class=\"elementor-column elementor-col-100 elementor-top-column elementor-element elementor-element-ebf4624\" data-id=\"ebf4624\" data-element_type=\"column\">\n\t\t\t<div class=\"elementor-widget-wrap elementor-element-populated\">\n\t\t\t\t\t\t<div class=\"elementor-element elementor-element-aa4e266 elementor-widget elementor-widget-spacer\" data-id=\"aa4e266\" data-element_type=\"widget\" data-widget_type=\"spacer.default\">\n\t\t\t\t<div class=\"elementor-widget-container\">\n\t\t\t\t\t\t\t<div class=\"elementor-spacer\">\n\t\t\t<div class=\"elementor-spacer-inner\"><\/div>\n\t\t<\/div>\n\t\t\t\t\t\t<\/div>\n\t\t\t\t<\/div>\n\t\t\t\t\t<\/div>\n\t\t<\/div>\n\t\t\t\t\t<\/div>\n\t\t<\/section>\n\t\t\t\t<\/div>\n\t\t","protected":false},"excerpt":{"rendered":"<p>l&rsquo;ouvrage monographique ou th\u00e9matique reste toujours \u00e0 inventer Friville \u00e9ditions, un soutien \u00e0 la r\u00e9alisation d&rsquo;ouvrages con\u00e7us et r\u00e9alis\u00e9s par les artistes sur une recherche, une exp\u00e9rimentation dans leur travail mais aussi, selon les rencontres, \u00e0 des \u00e9ditions insolites\u2026 une trace pertinente d&rsquo;une exposition, une documentation sur le processus en [&hellip;]<\/p>\n","protected":false},"author":1,"featured_media":4750,"parent":0,"menu_order":0,"comment_status":"closed","ping_status":"closed","template":"elementor_header_footer","meta":{"rop_custom_images_group":[],"rop_custom_messages_group":[],"rop_publish_now":"initial","rop_publish_now_accounts":[],"rop_publish_now_history":[],"rop_publish_now_status":"pending","footnotes":""},"class_list":["post-10","page","type-page","status-publish","has-post-thumbnail","hentry"],"_links":{"self":[{"href":"http:\/\/www.friville-editions.org\/wordpress\/index.php\/wp-json\/wp\/v2\/pages\/10","targetHints":{"allow":["GET"]}}],"collection":[{"href":"http:\/\/www.friville-editions.org\/wordpress\/index.php\/wp-json\/wp\/v2\/pages"}],"about":[{"href":"http:\/\/www.friville-editions.org\/wordpress\/index.php\/wp-json\/wp\/v2\/types\/page"}],"author":[{"embeddable":true,"href":"http:\/\/www.friville-editions.org\/wordpress\/index.php\/wp-json\/wp\/v2\/users\/1"}],"replies":[{"embeddable":true,"href":"http:\/\/www.friville-editions.org\/wordpress\/index.php\/wp-json\/wp\/v2\/comments?post=10"}],"version-history":[{"count":209,"href":"http:\/\/www.friville-editions.org\/wordpress\/index.php\/wp-json\/wp\/v2\/pages\/10\/revisions"}],"predecessor-version":[{"id":13525,"href":"http:\/\/www.friville-editions.org\/wordpress\/index.php\/wp-json\/wp\/v2\/pages\/10\/revisions\/13525"}],"wp:featuredmedia":[{"embeddable":true,"href":"http:\/\/www.friville-editions.org\/wordpress\/index.php\/wp-json\/wp\/v2\/media\/4750"}],"wp:attachment":[{"href":"http:\/\/www.friville-editions.org\/wordpress\/index.php\/wp-json\/wp\/v2\/media?parent=10"}],"curies":[{"name":"wp","href":"https:\/\/api.w.org\/{rel}","templated":true}]}}