{"id":4394,"date":"2020-05-22T10:08:14","date_gmt":"2020-05-22T08:08:14","guid":{"rendered":"http:\/\/friville.lobs.pro\/wordpress\/?page_id=4394"},"modified":"2022-08-23T10:24:16","modified_gmt":"2022-08-23T08:24:16","slug":"expo-demoules-trop-chaud","status":"publish","type":"page","link":"http:\/\/www.friville-editions.org\/wordpress\/index.php\/expo-demoules-trop-chaud\/","title":{"rendered":"D\u00e9moul\u00e9s Trop Chaud &#8211; Les expos"},"content":{"rendered":"\t\t<div data-elementor-type=\"wp-page\" data-elementor-id=\"4394\" class=\"elementor elementor-4394\">\n\t\t\t\t\t\t<section class=\"elementor-section elementor-top-section elementor-element elementor-element-4760667 elementor-section-boxed elementor-section-height-default elementor-section-height-default\" data-id=\"4760667\" data-element_type=\"section\">\n\t\t\t\t\t\t<div class=\"elementor-container elementor-column-gap-default\">\n\t\t\t\t\t<div class=\"elementor-column elementor-col-100 elementor-top-column elementor-element elementor-element-220b46c\" data-id=\"220b46c\" data-element_type=\"column\">\n\t\t\t<div class=\"elementor-widget-wrap elementor-element-populated\">\n\t\t\t\t\t\t<div class=\"elementor-element elementor-element-f36a2e0 elementor-widget elementor-widget-spacer\" data-id=\"f36a2e0\" data-element_type=\"widget\" data-widget_type=\"spacer.default\">\n\t\t\t\t<div class=\"elementor-widget-container\">\n\t\t\t\t\t\t\t<div class=\"elementor-spacer\">\n\t\t\t<div class=\"elementor-spacer-inner\"><\/div>\n\t\t<\/div>\n\t\t\t\t\t\t<\/div>\n\t\t\t\t<\/div>\n\t\t\t\t\t<\/div>\n\t\t<\/div>\n\t\t\t\t\t<\/div>\n\t\t<\/section>\n\t\t\t\t<section class=\"elementor-section elementor-top-section elementor-element elementor-element-810fa71 elementor-section-boxed elementor-section-height-default elementor-section-height-default\" data-id=\"810fa71\" data-element_type=\"section\">\n\t\t\t\t\t\t<div class=\"elementor-container elementor-column-gap-default\">\n\t\t\t\t\t<div class=\"elementor-column elementor-col-100 elementor-top-column elementor-element elementor-element-5598523\" data-id=\"5598523\" data-element_type=\"column\">\n\t\t\t<div class=\"elementor-widget-wrap elementor-element-populated\">\n\t\t\t\t\t\t<div class=\"elementor-element elementor-element-5d883f1 elementor-widget elementor-widget-spacer\" data-id=\"5d883f1\" data-element_type=\"widget\" data-widget_type=\"spacer.default\">\n\t\t\t\t<div class=\"elementor-widget-container\">\n\t\t\t\t\t\t\t<div class=\"elementor-spacer\">\n\t\t\t<div class=\"elementor-spacer-inner\"><\/div>\n\t\t<\/div>\n\t\t\t\t\t\t<\/div>\n\t\t\t\t<\/div>\n\t\t\t\t\t<\/div>\n\t\t<\/div>\n\t\t\t\t\t<\/div>\n\t\t<\/section>\n\t\t\t\t<section class=\"elementor-section elementor-top-section elementor-element elementor-element-c0a8a30 elementor-section-boxed elementor-section-height-default elementor-section-height-default\" data-id=\"c0a8a30\" data-element_type=\"section\">\n\t\t\t\t\t\t<div class=\"elementor-container elementor-column-gap-default\">\n\t\t\t\t\t<div class=\"elementor-column elementor-col-100 elementor-top-column elementor-element elementor-element-ef5be67\" data-id=\"ef5be67\" data-element_type=\"column\" data-settings=\"{&quot;background_background&quot;:&quot;classic&quot;}\">\n\t\t\t<div class=\"elementor-widget-wrap elementor-element-populated\">\n\t\t\t\t\t\t<section class=\"elementor-section elementor-inner-section elementor-element elementor-element-a75a4de elementor-section-boxed elementor-section-height-default elementor-section-height-default\" data-id=\"a75a4de\" data-element_type=\"section\">\n\t\t\t\t\t\t<div class=\"elementor-container elementor-column-gap-default\">\n\t\t\t\t\t<div class=\"elementor-column elementor-col-50 elementor-inner-column elementor-element elementor-element-f9cdde0\" data-id=\"f9cdde0\" data-element_type=\"column\">\n\t\t\t<div class=\"elementor-widget-wrap elementor-element-populated\">\n\t\t\t\t\t\t<div class=\"elementor-element elementor-element-2ff2b2d elementor-widget elementor-widget-heading\" data-id=\"2ff2b2d\" data-element_type=\"widget\" data-widget_type=\"heading.default\">\n\t\t\t\t<div class=\"elementor-widget-container\">\n\t\t\t\t\t<h2 class=\"elementor-heading-title elementor-size-default\">EXPO - D\u00e9moul\u00e9 Trop Chaud<\/h2>\t\t\t\t<\/div>\n\t\t\t\t<\/div>\n\t\t\t\t<div class=\"elementor-element elementor-element-5bc58ad elementor-widget elementor-widget-image\" data-id=\"5bc58ad\" data-element_type=\"widget\" data-widget_type=\"image.default\">\n\t\t\t\t<div class=\"elementor-widget-container\">\n\t\t\t\t\t\t\t\t\t\t\t\t\t\t\t<img fetchpriority=\"high\" decoding=\"async\" width=\"750\" height=\"535\" src=\"http:\/\/www.friville-editions.org\/wordpress\/wp-content\/uploads\/2022\/01\/DTC-Expo-1024x731.png\" class=\"attachment-large size-large wp-image-12192\" alt=\"\" srcset=\"http:\/\/www.friville-editions.org\/wordpress\/wp-content\/uploads\/2022\/01\/DTC-Expo-1024x731.png 1024w, http:\/\/www.friville-editions.org\/wordpress\/wp-content\/uploads\/2022\/01\/DTC-Expo-300x214.png 300w, http:\/\/www.friville-editions.org\/wordpress\/wp-content\/uploads\/2022\/01\/DTC-Expo-768x548.png 768w, http:\/\/www.friville-editions.org\/wordpress\/wp-content\/uploads\/2022\/01\/DTC-Expo.png 1366w\" sizes=\"(max-width: 750px) 100vw, 750px\" \/>\t\t\t\t\t\t\t\t\t\t\t\t\t\t\t<\/div>\n\t\t\t\t<\/div>\n\t\t\t\t\t<\/div>\n\t\t<\/div>\n\t\t\t\t<div class=\"elementor-column elementor-col-50 elementor-inner-column elementor-element elementor-element-61c31d0\" data-id=\"61c31d0\" data-element_type=\"column\">\n\t\t\t<div class=\"elementor-widget-wrap elementor-element-populated\">\n\t\t\t\t\t\t<div class=\"elementor-element elementor-element-9182ddc elementor-widget elementor-widget-text-editor\" data-id=\"9182ddc\" data-element_type=\"widget\" data-widget_type=\"text-editor.default\">\n\t\t\t\t<div class=\"elementor-widget-container\">\n\t\t\t\t\t\t\t\t\t<p><span><strong><em>Friville \u00e9dition<\/em><\/strong> organise depuis 2016, une s\u00e9rie d\u2019expositions intitul\u00e9es <\/span><em><strong>D\u00e9moul\u00e9 Trop Chaud<\/strong><\/em><span> o\u00f9 il est demand\u00e9 aux invit\u00e9s (artistes, cin\u00e9astes, chercheurs, artisans,\u2026) de pr\u00e9senter une tentative, une audace, dont les r\u00e9sultats, souvent inattendus; constituent une v\u00e9ritable exp\u00e9rimentation.<\/span><\/p><p>Cette s\u00e9rie fait suite aux expositions <strong><em>AdT<\/em><\/strong> (Atmosph\u00e8re de Transformation) qui, elles, pr\u00e9sentaient la gen\u00e8se des projets, les rat\u00e9s, les d\u00e9laiss\u00e9s\u2026<\/p>\t\t\t\t\t\t\t\t<\/div>\n\t\t\t\t<\/div>\n\t\t\t\t\t<\/div>\n\t\t<\/div>\n\t\t\t\t\t<\/div>\n\t\t<\/section>\n\t\t\t\t<div class=\"elementor-element elementor-element-b81e827 elementor-widget elementor-widget-spacer\" data-id=\"b81e827\" data-element_type=\"widget\" data-widget_type=\"spacer.default\">\n\t\t\t\t<div class=\"elementor-widget-container\">\n\t\t\t\t\t\t\t<div class=\"elementor-spacer\">\n\t\t\t<div class=\"elementor-spacer-inner\"><\/div>\n\t\t<\/div>\n\t\t\t\t\t\t<\/div>\n\t\t\t\t<\/div>\n\t\t\t\t\t<\/div>\n\t\t<\/div>\n\t\t\t\t\t<\/div>\n\t\t<\/section>\n\t\t\t\t<section class=\"elementor-section elementor-top-section elementor-element elementor-element-0e3c40c elementor-section-boxed elementor-section-height-default elementor-section-height-default\" data-id=\"0e3c40c\" data-element_type=\"section\">\n\t\t\t\t\t\t<div class=\"elementor-container elementor-column-gap-default\">\n\t\t\t\t\t<div class=\"elementor-column elementor-col-100 elementor-top-column elementor-element elementor-element-690d4f4\" data-id=\"690d4f4\" data-element_type=\"column\">\n\t\t\t<div class=\"elementor-widget-wrap elementor-element-populated\">\n\t\t\t\t\t\t<div class=\"elementor-element elementor-element-b87f7a3 elementor-widget elementor-widget-spacer\" data-id=\"b87f7a3\" data-element_type=\"widget\" data-widget_type=\"spacer.default\">\n\t\t\t\t<div class=\"elementor-widget-container\">\n\t\t\t\t\t\t\t<div class=\"elementor-spacer\">\n\t\t\t<div class=\"elementor-spacer-inner\"><\/div>\n\t\t<\/div>\n\t\t\t\t\t\t<\/div>\n\t\t\t\t<\/div>\n\t\t\t\t\t<\/div>\n\t\t<\/div>\n\t\t\t\t\t<\/div>\n\t\t<\/section>\n\t\t\t\t<section class=\"elementor-section elementor-top-section elementor-element elementor-element-de27831 elementor-section-boxed elementor-section-height-default elementor-section-height-default\" data-id=\"de27831\" data-element_type=\"section\">\n\t\t\t\t\t\t<div class=\"elementor-container elementor-column-gap-default\">\n\t\t\t\t\t<div class=\"elementor-column elementor-col-100 elementor-top-column elementor-element elementor-element-d57c99a\" data-id=\"d57c99a\" data-element_type=\"column\" data-settings=\"{&quot;background_background&quot;:&quot;classic&quot;}\">\n\t\t\t<div class=\"elementor-widget-wrap elementor-element-populated\">\n\t\t\t\t\t\t<div class=\"elementor-element elementor-element-7efac8b elementor-widget elementor-widget-obfx-posts-grid\" data-id=\"7efac8b\" data-element_type=\"widget\" data-widget_type=\"obfx-posts-grid.default\">\n\t\t\t\t<div class=\"elementor-widget-container\">\n\t\t\t\t\t<div class=\"obfx-grid\"><div class=\"obfx-grid-container obfx-grid-mobile-2 obfx-grid-desktop-4\"><div class=\"obfx-grid-wrapper\"><article class=\"obfx-grid-col\"><div class=\"obfx-grid-col-image\" ><img decoding=\"async\" width=\"1366\" height=\"650\" src=\"http:\/\/www.friville-editions.org\/wordpress\/wp-content\/uploads\/2022\/01\/DTC8-Carton.jpg\" class=\"img-responsive wp-post-image\" alt=\"DTC8-Carton\" srcset=\"http:\/\/www.friville-editions.org\/wordpress\/wp-content\/uploads\/2022\/01\/DTC8-Carton.jpg 1366w, http:\/\/www.friville-editions.org\/wordpress\/wp-content\/uploads\/2022\/01\/DTC8-Carton-300x143.jpg 300w, http:\/\/www.friville-editions.org\/wordpress\/wp-content\/uploads\/2022\/01\/DTC8-Carton-1024x487.jpg 1024w, http:\/\/www.friville-editions.org\/wordpress\/wp-content\/uploads\/2022\/01\/DTC8-Carton-768x365.jpg 768w\" sizes=\"(max-width: 1366px) 100vw, 1366px\" \/><\/a><\/div><div class=\"obfx-grid-col-content\">\t\t\t<h1 class=\"entry-title obfx-grid-title\">\n\t\t\t\t\t\t\t<a href=\"http:\/\/www.friville-editions.org\/wordpress\/index.php\/2021\/12\/22\/expo-dtc8\/\" title=\"Expo-DTC8\">\n\t\t\t\t\tExpo-DTC8\t\t\t\t<\/a>\n\t\t\t\t\t\t\t<\/h1>\n\t\t\t\t\t\t<div class=\"entry-content obfx-grid-content\">\n\t\t\t\tD\u00e9moul\u00e9 Trop Chaud\/8e essai Pour le 8e essai de D\u00e9moul\u00e9\u2026\t\t\t<\/div>\n\t\t\t<div class=\"obfx-grid-footer\"><a href=\"http:\/\/www.friville-editions.org\/wordpress\/index.php\/2021\/12\/22\/expo-dtc8\/\" title=\"en savoir plus\">en savoir plus<\/a><\/div><\/div><\/article><\/div><div class=\"obfx-grid-wrapper\"><article class=\"obfx-grid-col\"><div class=\"obfx-grid-col-image\" ><img decoding=\"async\" width=\"963\" height=\"1366\" src=\"http:\/\/www.friville-editions.org\/wordpress\/wp-content\/uploads\/2022\/01\/DTC7-FE-DTC7.jpg\" class=\"img-responsive wp-post-image\" alt=\"DTC7-FE-DTC7\" srcset=\"http:\/\/www.friville-editions.org\/wordpress\/wp-content\/uploads\/2022\/01\/DTC7-FE-DTC7.jpg 963w, http:\/\/www.friville-editions.org\/wordpress\/wp-content\/uploads\/2022\/01\/DTC7-FE-DTC7-211x300.jpg 211w, http:\/\/www.friville-editions.org\/wordpress\/wp-content\/uploads\/2022\/01\/DTC7-FE-DTC7-722x1024.jpg 722w, http:\/\/www.friville-editions.org\/wordpress\/wp-content\/uploads\/2022\/01\/DTC7-FE-DTC7-768x1089.jpg 768w\" sizes=\"(max-width: 963px) 100vw, 963px\" \/><\/a><\/div><div class=\"obfx-grid-col-content\">\t\t\t<h1 class=\"entry-title obfx-grid-title\">\n\t\t\t\t\t\t\t<a href=\"http:\/\/www.friville-editions.org\/wordpress\/index.php\/2021\/12\/22\/expo-dtc7\/\" title=\"Expo-DTC7\">\n\t\t\t\t\tExpo-DTC7\t\t\t\t<\/a>\n\t\t\t\t\t\t\t<\/h1>\n\t\t\t\t\t\t<div class=\"entry-content obfx-grid-content\">\n\t\t\t\tD\u00e9moul\u00e9 Trop Chaud\/7e essai Pour le 7e essai de D\u00e9moul\u00e9\u2026\t\t\t<\/div>\n\t\t\t<div class=\"obfx-grid-footer\"><a href=\"http:\/\/www.friville-editions.org\/wordpress\/index.php\/2021\/12\/22\/expo-dtc7\/\" title=\"en savoir plus\">en savoir plus<\/a><\/div><\/div><\/article><\/div><div class=\"obfx-grid-wrapper\"><article class=\"obfx-grid-col\"><div class=\"obfx-grid-col-image\" ><img loading=\"lazy\" decoding=\"async\" width=\"567\" height=\"567\" src=\"http:\/\/www.friville-editions.org\/wordpress\/wp-content\/uploads\/2022\/01\/DTC6-Carton.jpg\" class=\"img-responsive wp-post-image\" alt=\"DTC6-Carton\" srcset=\"http:\/\/www.friville-editions.org\/wordpress\/wp-content\/uploads\/2022\/01\/DTC6-Carton.jpg 567w, http:\/\/www.friville-editions.org\/wordpress\/wp-content\/uploads\/2022\/01\/DTC6-Carton-300x300.jpg 300w, http:\/\/www.friville-editions.org\/wordpress\/wp-content\/uploads\/2022\/01\/DTC6-Carton-150x150.jpg 150w\" sizes=\"(max-width: 567px) 100vw, 567px\" \/><\/a><\/div><div class=\"obfx-grid-col-content\">\t\t\t<h1 class=\"entry-title obfx-grid-title\">\n\t\t\t\t\t\t\t<a href=\"http:\/\/www.friville-editions.org\/wordpress\/index.php\/2021\/12\/22\/expo-dtc6\/\" title=\"Expo-DTC6\">\n\t\t\t\t\tExpo-DTC6\t\t\t\t<\/a>\n\t\t\t\t\t\t\t<\/h1>\n\t\t\t\t\t\t<div class=\"entry-content obfx-grid-content\">\n\t\t\t\tD\u00e9moul\u00e9 Trop Chaud\/6e essai Pour le 6e essai de D\u00e9moul\u00e9\u2026\t\t\t<\/div>\n\t\t\t<div class=\"obfx-grid-footer\"><a href=\"http:\/\/www.friville-editions.org\/wordpress\/index.php\/2021\/12\/22\/expo-dtc6\/\" title=\"en savoir plus\">en savoir plus<\/a><\/div><\/div><\/article><\/div><div class=\"obfx-grid-wrapper\"><article class=\"obfx-grid-col\"><div class=\"obfx-grid-col-image\" ><img loading=\"lazy\" decoding=\"async\" width=\"1366\" height=\"976\" src=\"http:\/\/www.friville-editions.org\/wordpress\/wp-content\/uploads\/2022\/01\/DTC5-CartonInvit-DEMOULE5-1.jpg\" class=\"img-responsive wp-post-image\" alt=\"DTC5-CartonInvit-DEMOULE5-1\" srcset=\"http:\/\/www.friville-editions.org\/wordpress\/wp-content\/uploads\/2022\/01\/DTC5-CartonInvit-DEMOULE5-1.jpg 1366w, http:\/\/www.friville-editions.org\/wordpress\/wp-content\/uploads\/2022\/01\/DTC5-CartonInvit-DEMOULE5-1-300x214.jpg 300w, http:\/\/www.friville-editions.org\/wordpress\/wp-content\/uploads\/2022\/01\/DTC5-CartonInvit-DEMOULE5-1-1024x732.jpg 1024w, http:\/\/www.friville-editions.org\/wordpress\/wp-content\/uploads\/2022\/01\/DTC5-CartonInvit-DEMOULE5-1-768x549.jpg 768w\" sizes=\"(max-width: 1366px) 100vw, 1366px\" \/><\/a><\/div><div class=\"obfx-grid-col-content\">\t\t\t<h1 class=\"entry-title obfx-grid-title\">\n\t\t\t\t\t\t\t<a href=\"http:\/\/www.friville-editions.org\/wordpress\/index.php\/2021\/12\/22\/expo-dtc5\/\" title=\"Expo-DTC5\">\n\t\t\t\t\tExpo-DTC5\t\t\t\t<\/a>\n\t\t\t\t\t\t\t<\/h1>\n\t\t\t\t\t\t<div class=\"entry-content obfx-grid-content\">\n\t\t\t\tD\u00e9moul\u00e9 Trop Chaud\/5e essai Pour le 5e essai de D\u00e9moul\u00e9\u2026\t\t\t<\/div>\n\t\t\t<div class=\"obfx-grid-footer\"><a href=\"http:\/\/www.friville-editions.org\/wordpress\/index.php\/2021\/12\/22\/expo-dtc5\/\" title=\"en savoir plus\">en savoir plus<\/a><\/div><\/div><\/article><\/div><div class=\"obfx-grid-wrapper\"><article class=\"obfx-grid-col\"><div class=\"obfx-grid-col-image\" ><img loading=\"lazy\" decoding=\"async\" width=\"1366\" height=\"975\" src=\"http:\/\/www.friville-editions.org\/wordpress\/wp-content\/uploads\/2022\/01\/DTC4cartonRECTO.jpg\" class=\"img-responsive wp-post-image\" alt=\"DTC4cartonRECTO\" srcset=\"http:\/\/www.friville-editions.org\/wordpress\/wp-content\/uploads\/2022\/01\/DTC4cartonRECTO.jpg 1366w, http:\/\/www.friville-editions.org\/wordpress\/wp-content\/uploads\/2022\/01\/DTC4cartonRECTO-300x214.jpg 300w, http:\/\/www.friville-editions.org\/wordpress\/wp-content\/uploads\/2022\/01\/DTC4cartonRECTO-1024x731.jpg 1024w, http:\/\/www.friville-editions.org\/wordpress\/wp-content\/uploads\/2022\/01\/DTC4cartonRECTO-768x548.jpg 768w\" sizes=\"(max-width: 1366px) 100vw, 1366px\" \/><\/a><\/div><div class=\"obfx-grid-col-content\">\t\t\t<h1 class=\"entry-title obfx-grid-title\">\n\t\t\t\t\t\t\t<a href=\"http:\/\/www.friville-editions.org\/wordpress\/index.php\/2021\/12\/22\/expo-dtc4\/\" title=\"Expo-DTC4\">\n\t\t\t\t\tExpo-DTC4\t\t\t\t<\/a>\n\t\t\t\t\t\t\t<\/h1>\n\t\t\t\t\t\t<div class=\"entry-content obfx-grid-content\">\n\t\t\t\tD\u00e9moul\u00e9 Trop Chaud\/4e essai Pour le 4e essai de D\u00e9moul\u00e9\u2026\t\t\t<\/div>\n\t\t\t<div class=\"obfx-grid-footer\"><a href=\"http:\/\/www.friville-editions.org\/wordpress\/index.php\/2021\/12\/22\/expo-dtc4\/\" title=\"en savoir plus\">en savoir plus<\/a><\/div><\/div><\/article><\/div><div class=\"obfx-grid-wrapper\"><article class=\"obfx-grid-col\"><div class=\"obfx-grid-col-image\" ><img loading=\"lazy\" decoding=\"async\" width=\"551\" height=\"394\" src=\"http:\/\/www.friville-editions.org\/wordpress\/wp-content\/uploads\/2022\/01\/DTC3-Carton.png\" class=\"img-responsive wp-post-image\" alt=\"DTC3-Carton\" srcset=\"http:\/\/www.friville-editions.org\/wordpress\/wp-content\/uploads\/2022\/01\/DTC3-Carton.png 551w, http:\/\/www.friville-editions.org\/wordpress\/wp-content\/uploads\/2022\/01\/DTC3-Carton-300x215.png 300w\" sizes=\"(max-width: 551px) 100vw, 551px\" \/><\/a><\/div><div class=\"obfx-grid-col-content\">\t\t\t<h1 class=\"entry-title obfx-grid-title\">\n\t\t\t\t\t\t\t<a href=\"http:\/\/www.friville-editions.org\/wordpress\/index.php\/2021\/12\/22\/expo-dtc3\/\" title=\"Expo-DTC3\">\n\t\t\t\t\tExpo-DTC3\t\t\t\t<\/a>\n\t\t\t\t\t\t\t<\/h1>\n\t\t\t\t\t\t<div class=\"entry-content obfx-grid-content\">\n\t\t\t\tD\u00e9moul\u00e9 Trop Chaud\/3e essai Pour le 3e essai de D\u00e9moul\u00e9\u2026\t\t\t<\/div>\n\t\t\t<div class=\"obfx-grid-footer\"><a href=\"http:\/\/www.friville-editions.org\/wordpress\/index.php\/2021\/12\/22\/expo-dtc3\/\" title=\"en savoir plus\">en savoir plus<\/a><\/div><\/div><\/article><\/div><div class=\"obfx-grid-wrapper\"><article class=\"obfx-grid-col\"><div class=\"obfx-grid-col-image\" ><img loading=\"lazy\" decoding=\"async\" width=\"709\" height=\"506\" src=\"http:\/\/www.friville-editions.org\/wordpress\/wp-content\/uploads\/2022\/01\/DTC2-Carton.png\" class=\"img-responsive wp-post-image\" alt=\"DTC2-Carton\" srcset=\"http:\/\/www.friville-editions.org\/wordpress\/wp-content\/uploads\/2022\/01\/DTC2-Carton.png 709w, http:\/\/www.friville-editions.org\/wordpress\/wp-content\/uploads\/2022\/01\/DTC2-Carton-300x214.png 300w\" sizes=\"(max-width: 709px) 100vw, 709px\" \/><\/a><\/div><div class=\"obfx-grid-col-content\">\t\t\t<h1 class=\"entry-title obfx-grid-title\">\n\t\t\t\t\t\t\t<a href=\"http:\/\/www.friville-editions.org\/wordpress\/index.php\/2021\/12\/22\/expo-dtc2\/\" title=\"Expo-DTC2\">\n\t\t\t\t\tExpo-DTC2\t\t\t\t<\/a>\n\t\t\t\t\t\t\t<\/h1>\n\t\t\t\t\t\t<div class=\"entry-content obfx-grid-content\">\n\t\t\t\tD\u00e9moul\u00e9 Trop Chaud\/2e essai Pour le 2e essai de D\u00e9moul\u00e9\u2026\t\t\t<\/div>\n\t\t\t<div class=\"obfx-grid-footer\"><a href=\"http:\/\/www.friville-editions.org\/wordpress\/index.php\/2021\/12\/22\/expo-dtc2\/\" title=\"en savoir plus\">en savoir plus<\/a><\/div><\/div><\/article><\/div><div class=\"obfx-grid-wrapper\"><article class=\"obfx-grid-col\"><div class=\"obfx-grid-col-image\" ><img loading=\"lazy\" decoding=\"async\" width=\"1034\" height=\"739\" src=\"http:\/\/www.friville-editions.org\/wordpress\/wp-content\/uploads\/2022\/01\/DTC1-Carton.jpg\" class=\"img-responsive wp-post-image\" alt=\"DTC1-Carton\" srcset=\"http:\/\/www.friville-editions.org\/wordpress\/wp-content\/uploads\/2022\/01\/DTC1-Carton.jpg 1034w, http:\/\/www.friville-editions.org\/wordpress\/wp-content\/uploads\/2022\/01\/DTC1-Carton-300x214.jpg 300w, http:\/\/www.friville-editions.org\/wordpress\/wp-content\/uploads\/2022\/01\/DTC1-Carton-1024x732.jpg 1024w, http:\/\/www.friville-editions.org\/wordpress\/wp-content\/uploads\/2022\/01\/DTC1-Carton-768x549.jpg 768w\" sizes=\"(max-width: 1034px) 100vw, 1034px\" \/><\/a><\/div><div class=\"obfx-grid-col-content\">\t\t\t<h1 class=\"entry-title obfx-grid-title\">\n\t\t\t\t\t\t\t<a href=\"http:\/\/www.friville-editions.org\/wordpress\/index.php\/2021\/12\/22\/expo-dtc1\/\" title=\"Expo-DTC1\">\n\t\t\t\t\tExpo-DTC1\t\t\t\t<\/a>\n\t\t\t\t\t\t\t<\/h1>\n\t\t\t\t\t\t<div class=\"entry-content obfx-grid-content\">\n\t\t\t\tD\u00e9moul\u00e9 Trop Chaud\/1er essai Pour le 1er essai de D\u00e9moul\u00e9\u2026\t\t\t<\/div>\n\t\t\t<div class=\"obfx-grid-footer\"><a href=\"http:\/\/www.friville-editions.org\/wordpress\/index.php\/2021\/12\/22\/expo-dtc1\/\" title=\"en savoir plus\">en savoir plus<\/a><\/div><\/div><\/article><\/div>\t\t\t\t<div class=\"obfx-grid-pagination\">\n\t\t\t\t\t\t\t\t\t\t<nav class=\"pagination\">\n\t\t\t\t\t\t\t\t\t\t\t<\/nav>\n\t\t\t\t<\/div>\n\t\t\t\t<\/div><!-- .obfx-grid-container --><\/div><!-- .obfx-grid -->\t\t\t\t<\/div>\n\t\t\t\t<\/div>\n\t\t\t\t\t<\/div>\n\t\t<\/div>\n\t\t\t\t\t<\/div>\n\t\t<\/section>\n\t\t\t\t<section class=\"elementor-section elementor-top-section elementor-element elementor-element-6fc8477 elementor-section-boxed elementor-section-height-default elementor-section-height-default\" data-id=\"6fc8477\" data-element_type=\"section\">\n\t\t\t\t\t\t<div class=\"elementor-container elementor-column-gap-default\">\n\t\t\t\t\t<div class=\"elementor-column elementor-col-100 elementor-top-column elementor-element elementor-element-4930108\" data-id=\"4930108\" data-element_type=\"column\">\n\t\t\t<div class=\"elementor-widget-wrap elementor-element-populated\">\n\t\t\t\t\t\t<div class=\"elementor-element elementor-element-506dd9f elementor-widget elementor-widget-spacer\" data-id=\"506dd9f\" data-element_type=\"widget\" data-widget_type=\"spacer.default\">\n\t\t\t\t<div class=\"elementor-widget-container\">\n\t\t\t\t\t\t\t<div class=\"elementor-spacer\">\n\t\t\t<div class=\"elementor-spacer-inner\"><\/div>\n\t\t<\/div>\n\t\t\t\t\t\t<\/div>\n\t\t\t\t<\/div>\n\t\t\t\t\t<\/div>\n\t\t<\/div>\n\t\t\t\t\t<\/div>\n\t\t<\/section>\n\t\t\t\t<\/div>\n\t\t","protected":false},"excerpt":{"rendered":"<p>EXPO &#8211; D\u00e9moul\u00e9 Trop Chaud Friville \u00e9dition organise depuis 2016, une s\u00e9rie d\u2019expositions intitul\u00e9es D\u00e9moul\u00e9 Trop Chaud o\u00f9 il est demand\u00e9 aux invit\u00e9s (artistes, cin\u00e9astes, chercheurs, artisans,\u2026) de pr\u00e9senter une tentative, une audace, dont les r\u00e9sultats, souvent inattendus; constituent une v\u00e9ritable exp\u00e9rimentation. Cette s\u00e9rie fait suite aux expositions AdT (Atmosph\u00e8re [&hellip;]<\/p>\n","protected":false},"author":1,"featured_media":0,"parent":0,"menu_order":0,"comment_status":"closed","ping_status":"closed","template":"elementor_header_footer","meta":{"rop_custom_images_group":[],"rop_custom_messages_group":[],"rop_publish_now":"initial","rop_publish_now_accounts":[],"rop_publish_now_history":[],"rop_publish_now_status":"pending","footnotes":""},"class_list":["post-4394","page","type-page","status-publish","hentry"],"_links":{"self":[{"href":"http:\/\/www.friville-editions.org\/wordpress\/index.php\/wp-json\/wp\/v2\/pages\/4394","targetHints":{"allow":["GET"]}}],"collection":[{"href":"http:\/\/www.friville-editions.org\/wordpress\/index.php\/wp-json\/wp\/v2\/pages"}],"about":[{"href":"http:\/\/www.friville-editions.org\/wordpress\/index.php\/wp-json\/wp\/v2\/types\/page"}],"author":[{"embeddable":true,"href":"http:\/\/www.friville-editions.org\/wordpress\/index.php\/wp-json\/wp\/v2\/users\/1"}],"replies":[{"embeddable":true,"href":"http:\/\/www.friville-editions.org\/wordpress\/index.php\/wp-json\/wp\/v2\/comments?post=4394"}],"version-history":[{"count":74,"href":"http:\/\/www.friville-editions.org\/wordpress\/index.php\/wp-json\/wp\/v2\/pages\/4394\/revisions"}],"predecessor-version":[{"id":14093,"href":"http:\/\/www.friville-editions.org\/wordpress\/index.php\/wp-json\/wp\/v2\/pages\/4394\/revisions\/14093"}],"wp:attachment":[{"href":"http:\/\/www.friville-editions.org\/wordpress\/index.php\/wp-json\/wp\/v2\/media?parent=4394"}],"curies":[{"name":"wp","href":"https:\/\/api.w.org\/{rel}","templated":true}]}}