{"id":4604,"date":"2020-06-05T14:04:28","date_gmt":"2020-06-05T12:04:28","guid":{"rendered":"http:\/\/friville.lobs.pro\/wordpress\/?page_id=4604"},"modified":"2024-04-12T15:02:19","modified_gmt":"2024-04-12T13:02:19","slug":"videos-2","status":"publish","type":"page","link":"http:\/\/www.friville-editions.org\/wordpress\/index.php\/videos-2\/","title":{"rendered":"Vid\u00e9os"},"content":{"rendered":"\t\t<div data-elementor-type=\"wp-page\" data-elementor-id=\"4604\" class=\"elementor elementor-4604\">\n\t\t\t\t\t\t<section class=\"elementor-section elementor-top-section elementor-element elementor-element-0c6408c elementor-section-boxed elementor-section-height-default elementor-section-height-default\" data-id=\"0c6408c\" data-element_type=\"section\">\n\t\t\t\t\t\t<div class=\"elementor-container elementor-column-gap-default\">\n\t\t\t\t\t<div class=\"elementor-column elementor-col-100 elementor-top-column elementor-element elementor-element-c83cd20\" data-id=\"c83cd20\" data-element_type=\"column\">\n\t\t\t<div class=\"elementor-widget-wrap elementor-element-populated\">\n\t\t\t\t\t\t<div class=\"elementor-element elementor-element-31239df elementor-widget elementor-widget-spacer\" data-id=\"31239df\" data-element_type=\"widget\" data-widget_type=\"spacer.default\">\n\t\t\t\t<div class=\"elementor-widget-container\">\n\t\t\t\t\t\t\t<div class=\"elementor-spacer\">\n\t\t\t<div class=\"elementor-spacer-inner\"><\/div>\n\t\t<\/div>\n\t\t\t\t\t\t<\/div>\n\t\t\t\t<\/div>\n\t\t\t\t\t<\/div>\n\t\t<\/div>\n\t\t\t\t\t<\/div>\n\t\t<\/section>\n\t\t\t\t<section class=\"elementor-section elementor-top-section elementor-element elementor-element-73df904 elementor-section-boxed elementor-section-height-default elementor-section-height-default\" data-id=\"73df904\" data-element_type=\"section\">\n\t\t\t\t\t\t<div class=\"elementor-container elementor-column-gap-default\">\n\t\t\t\t\t<div class=\"elementor-column elementor-col-100 elementor-top-column elementor-element elementor-element-ffad684\" data-id=\"ffad684\" data-element_type=\"column\">\n\t\t\t<div class=\"elementor-widget-wrap elementor-element-populated\">\n\t\t\t\t\t\t<div class=\"elementor-element elementor-element-6d8d720 elementor-widget elementor-widget-heading\" data-id=\"6d8d720\" data-element_type=\"widget\" data-widget_type=\"heading.default\">\n\t\t\t\t<div class=\"elementor-widget-container\">\n\t\t\t\t\t<h2 class=\"elementor-heading-title elementor-size-default\">nos vid\u00e9os<\/h2>\t\t\t\t<\/div>\n\t\t\t\t<\/div>\n\t\t\t\t\t<\/div>\n\t\t<\/div>\n\t\t\t\t\t<\/div>\n\t\t<\/section>\n\t\t\t\t<section class=\"elementor-section elementor-top-section elementor-element elementor-element-a533bd0 elementor-section-boxed elementor-section-height-default elementor-section-height-default\" data-id=\"a533bd0\" data-element_type=\"section\">\n\t\t\t\t\t\t<div class=\"elementor-container elementor-column-gap-default\">\n\t\t\t\t\t<div class=\"elementor-column elementor-col-100 elementor-top-column elementor-element elementor-element-db03ebe\" data-id=\"db03ebe\" data-element_type=\"column\">\n\t\t\t<div class=\"elementor-widget-wrap elementor-element-populated\">\n\t\t\t\t\t\t<div class=\"elementor-element elementor-element-b9c2f58 elementor-widget elementor-widget-spacer\" data-id=\"b9c2f58\" data-element_type=\"widget\" data-widget_type=\"spacer.default\">\n\t\t\t\t<div class=\"elementor-widget-container\">\n\t\t\t\t\t\t\t<div class=\"elementor-spacer\">\n\t\t\t<div class=\"elementor-spacer-inner\"><\/div>\n\t\t<\/div>\n\t\t\t\t\t\t<\/div>\n\t\t\t\t<\/div>\n\t\t\t\t\t<\/div>\n\t\t<\/div>\n\t\t\t\t\t<\/div>\n\t\t<\/section>\n\t\t\t\t<section class=\"elementor-section elementor-top-section elementor-element elementor-element-6c50ae60 elementor-section-boxed elementor-section-height-default elementor-section-height-default\" data-id=\"6c50ae60\" data-element_type=\"section\">\n\t\t\t\t\t\t<div class=\"elementor-container elementor-column-gap-default\">\n\t\t\t\t\t<div class=\"elementor-column elementor-col-100 elementor-top-column elementor-element elementor-element-19c8169e\" data-id=\"19c8169e\" data-element_type=\"column\" data-settings=\"{&quot;background_background&quot;:&quot;classic&quot;}\">\n\t\t\t<div class=\"elementor-widget-wrap elementor-element-populated\">\n\t\t\t\t\t\t<div class=\"elementor-element elementor-element-7b7e8ea elementor-widget elementor-widget-heading\" data-id=\"7b7e8ea\" data-element_type=\"widget\" data-widget_type=\"heading.default\">\n\t\t\t\t<div class=\"elementor-widget-container\">\n\t\t\t\t\t<h2 class=\"elementor-heading-title elementor-size-default\"><small>Vid\u00e9os<\/small> Paroles d'artiste<p><font color=\"#c70808\"><i>Et\u2026Vlan!<\/p><\/h2>\t\t\t\t<\/div>\n\t\t\t\t<\/div>\n\t\t\t\t<section class=\"elementor-section elementor-inner-section elementor-element elementor-element-30c06f7 elementor-section-boxed elementor-section-height-default elementor-section-height-default\" data-id=\"30c06f7\" data-element_type=\"section\">\n\t\t\t\t\t\t<div class=\"elementor-container elementor-column-gap-default\">\n\t\t\t\t\t<div class=\"elementor-column elementor-col-50 elementor-inner-column elementor-element elementor-element-a6a0e84\" data-id=\"a6a0e84\" data-element_type=\"column\">\n\t\t\t<div class=\"elementor-widget-wrap elementor-element-populated\">\n\t\t\t\t\t\t<div class=\"elementor-element elementor-element-114d923 elementor-widget elementor-widget-image\" data-id=\"114d923\" data-element_type=\"widget\" data-widget_type=\"image.default\">\n\t\t\t\t<div class=\"elementor-widget-container\">\n\t\t\t\t\t\t\t\t\t\t\t\t\t\t\t<img fetchpriority=\"high\" decoding=\"async\" width=\"750\" height=\"750\" src=\"http:\/\/www.friville-editions.org\/wordpress\/wp-content\/uploads\/2022\/08\/LogoEtVLANFondBlanc-1024x1024.png\" class=\"attachment-large size-large wp-image-13857\" alt=\"Logo Et VLAN !\" srcset=\"http:\/\/www.friville-editions.org\/wordpress\/wp-content\/uploads\/2022\/08\/LogoEtVLANFondBlanc-1024x1024.png 1024w, http:\/\/www.friville-editions.org\/wordpress\/wp-content\/uploads\/2022\/08\/LogoEtVLANFondBlanc-300x300.png 300w, http:\/\/www.friville-editions.org\/wordpress\/wp-content\/uploads\/2022\/08\/LogoEtVLANFondBlanc-150x150.png 150w, http:\/\/www.friville-editions.org\/wordpress\/wp-content\/uploads\/2022\/08\/LogoEtVLANFondBlanc-768x768.png 768w, http:\/\/www.friville-editions.org\/wordpress\/wp-content\/uploads\/2022\/08\/LogoEtVLANFondBlanc.png 1366w\" sizes=\"(max-width: 750px) 100vw, 750px\" \/>\t\t\t\t\t\t\t\t\t\t\t\t\t\t\t<\/div>\n\t\t\t\t<\/div>\n\t\t\t\t\t<\/div>\n\t\t<\/div>\n\t\t\t\t<div class=\"elementor-column elementor-col-50 elementor-inner-column elementor-element elementor-element-f29194c\" data-id=\"f29194c\" data-element_type=\"column\">\n\t\t\t<div class=\"elementor-widget-wrap elementor-element-populated\">\n\t\t\t\t\t\t<div class=\"elementor-element elementor-element-35010b47 elementor-widget elementor-widget-text-editor\" data-id=\"35010b47\" data-element_type=\"widget\" data-widget_type=\"text-editor.default\">\n\t\t\t\t<div class=\"elementor-widget-container\">\n\t\t\t\t\t\t\t\t\t<p><\/p>\n<p><\/p>\n<ul class=\"wp-block-list\">\n<li><a href=\"http:\/\/www.friville-editions.org\/wordpress\/index.php\/2024\/03\/26\/videos-etvlan-2\/\"><span style=\"color: #2f94c5;\">Et\u2026Vlan! 2e \u00e9dition<br \/><\/span><span style=\"color: #333333;\">H\u00e0 My Nguyen, Sujin Oh, Christophe Robe, Alexandra Roussopoulos, Peter Soriano<\/span><\/a><br \/><br \/><br \/><\/li>\n<li><a href=\"http:\/\/www.friville-editions.org\/wordpress\/index.php\/2024\/04\/12\/videos-etvlan-premiere-edition\/\"><span style=\"color: #ff9900;\"><span style=\"color: #ff9900;\">Et\u2026Vlan !\u00a0 1re \u00e9dition<br \/><\/span><\/span><span style=\"color: #ff9900;\"><span style=\"color: #ff9900;\"> <span style=\"color: #333333;\">Thomas Maestro, Charlotte Puertas, Baptiste Roux, Agathe Schneider, Heidi Wood<\/span><\/span><\/span><\/a><\/li>\n<\/ul>\n<p><\/p>\n<p><\/p>\t\t\t\t\t\t\t\t<\/div>\n\t\t\t\t<\/div>\n\t\t\t\t\t<\/div>\n\t\t<\/div>\n\t\t\t\t\t<\/div>\n\t\t<\/section>\n\t\t\t\t<section class=\"elementor-section elementor-inner-section elementor-element elementor-element-0fbc04d elementor-section-boxed elementor-section-height-default elementor-section-height-default\" data-id=\"0fbc04d\" data-element_type=\"section\">\n\t\t\t\t\t\t<div class=\"elementor-container elementor-column-gap-default\">\n\t\t\t\t\t<div class=\"elementor-column elementor-col-100 elementor-inner-column elementor-element elementor-element-6173c2f\" data-id=\"6173c2f\" data-element_type=\"column\">\n\t\t\t<div class=\"elementor-widget-wrap elementor-element-populated\">\n\t\t\t\t\t\t<div class=\"elementor-element elementor-element-d32805d elementor-widget elementor-widget-heading\" data-id=\"d32805d\" data-element_type=\"widget\" data-widget_type=\"heading.default\">\n\t\t\t\t<div class=\"elementor-widget-container\">\n\t\t\t\t\t<h2 class=\"elementor-heading-title elementor-size-default\">Vid\u00e9os et Paroles d'artiste<p><font color=\"#c70808\"><i>Atmosph\u00e8re de Transformation<\/p><\/h2>\t\t\t\t<\/div>\n\t\t\t\t<\/div>\n\t\t\t\t\t<\/div>\n\t\t<\/div>\n\t\t\t\t\t<\/div>\n\t\t<\/section>\n\t\t\t\t<section class=\"elementor-section elementor-inner-section elementor-element elementor-element-155602d elementor-section-boxed elementor-section-height-default elementor-section-height-default\" data-id=\"155602d\" data-element_type=\"section\">\n\t\t\t\t\t\t<div class=\"elementor-container elementor-column-gap-default\">\n\t\t\t\t\t<div class=\"elementor-column elementor-col-50 elementor-inner-column elementor-element elementor-element-057c046\" data-id=\"057c046\" data-element_type=\"column\">\n\t\t\t<div class=\"elementor-widget-wrap elementor-element-populated\">\n\t\t\t\t\t\t<div class=\"elementor-element elementor-element-fae6b26 elementor-widget elementor-widget-heading\" data-id=\"fae6b26\" data-element_type=\"widget\" data-widget_type=\"heading.default\">\n\t\t\t\t<div class=\"elementor-widget-container\">\n\t\t\t\t\t<h2 class=\"elementor-heading-title elementor-size-medium\"><br>Pr\u00e9sentation de DTC par Denis Pondruel<\/h2>\t\t\t\t<\/div>\n\t\t\t\t<\/div>\n\t\t\t\t<div class=\"elementor-element elementor-element-5ad390c elementor-widget elementor-widget-video\" data-id=\"5ad390c\" data-element_type=\"widget\" data-settings=\"{&quot;youtube_url&quot;:&quot;https:\\\/\\\/youtu.be\\\/_g1iMtkjCO0&quot;,&quot;yt_privacy&quot;:&quot;yes&quot;,&quot;video_type&quot;:&quot;youtube&quot;,&quot;controls&quot;:&quot;yes&quot;}\" data-widget_type=\"video.default\">\n\t\t\t\t<div class=\"elementor-widget-container\">\n\t\t\t\t\t\t\t<div class=\"elementor-wrapper elementor-open-inline\">\n\t\t\t<div class=\"elementor-video\"><\/div>\t\t<\/div>\n\t\t\t\t\t\t<\/div>\n\t\t\t\t<\/div>\n\t\t\t\t\t<\/div>\n\t\t<\/div>\n\t\t\t\t<div class=\"elementor-column elementor-col-50 elementor-inner-column elementor-element elementor-element-8c592bc\" data-id=\"8c592bc\" data-element_type=\"column\">\n\t\t\t<div class=\"elementor-widget-wrap elementor-element-populated\">\n\t\t\t\t\t\t<div class=\"elementor-element elementor-element-7689fb5 elementor-widget elementor-widget-text-editor\" data-id=\"7689fb5\" data-element_type=\"widget\" data-widget_type=\"text-editor.default\">\n\t\t\t\t<div class=\"elementor-widget-container\">\n\t\t\t\t\t\t\t\t\t<p><\/p>\n<p><\/p>\n<ul class=\"wp-block-list\">\n<li><a href=\"http:\/\/friville.lobs.pro\/wordpress\/index.php\/video-dtc-8e-essai-2\/\"><span style=\"color: #2f94c5;\">DTC 8\u00e8me essai<\/span> &#8211; <span style=\"color: #333333;\">Mathilde Coq, Samuel Etienne, Typhaine Fauni\u00e8res, Olivier Michel, Francine Petit<\/span><\/a>\u00a0<br \/><br \/><\/li>\n<li><span style=\"color: #ff9900;\"><span style=\"color: #ff9900;\"><a href=\"http:\/\/www.friville-editions.org\/wordpress\/index.php\/2022\/03\/03\/videos-dtc7\/\">DTC 7\u00e8me essai &#8211;<\/a> <span style=\"color: #333333;\">S\u00e9phora Joannes &amp; Emmanuel Rivi\u00e8re, Catherine Larr\u00e9 &amp; Denis Pondruel, Ana\u00efs Leli\u00e8vre, Guy Lemonnier, <a href=\"http:\/\/www.friville-editions.org\/wordpress\/index.php\/2022\/03\/03\/videos-dtc7\/\">Ga\u00ebtan Verdier<\/a><\/span><br \/><br \/><\/span><\/span><\/li>\n<li><a href=\"http:\/\/friville.lobs.pro\/wordpress\/index.php\/video-dtc-6e-essai\/\"><span style=\"color: #2f94c5;\">DTC 6\u00e8me essai<\/span> &#8211; <span style=\"color: #333333;\">Fran\u00e7ois Durif<\/span><\/a><br \/><br \/><\/li>\n<li><span style=\"color: #ff9900;\"><span style=\"color: #ff9900;\">DTC 5\u00e8me essai &#8211;<span style=\"color: #333333;\"> Clara Djian &amp; Nicolas Leto, Daniel Guyonnet, Jos\u00e9-Maria Gonzalez, Gianpaolo Pagni, Chlo\u00e9 Poizat, Hubert Renard<br \/><\/span><br \/><\/span><\/span><\/li>\n<li><a href=\"http:\/\/friville.lobs.pro\/wordpress\/index.php\/video-dtc-4e-essai\/\"><span style=\"color: #2f94c5;\">DTC 4\u00e8me essai<\/span> &#8211; <span style=\"color: #333333;\">Karine Bonneval, Arnaud Caquelard, B\u00e9n\u00e9dicte <\/span><span style=\"color: #333333;\">Chajlub, \u00c9douard, Prulhi\u00e8res, Aur\u00e9lie Sement<\/span><\/a><br \/><br \/><\/li>\n<li><a href=\"http:\/\/friville.lobs.pro\/wordpress\/index.php\/video-dtc-3e-essai\/\"><span style=\"color: #ff9900;\">DTC 3\u00e8me ess<\/span><span style=\"color: #ff9900;\">ai &#8211; <span style=\"color: #333333;\">Gilgian Gelzer, Silvia Hestnes, \u00c9tienne Pressager; Philippe Richard, He\u00efdi Wood<\/span><\/span><span style=\"color: #ff9900;\"><\/span><\/a><br \/><br \/><\/li>\n<li><a href=\"http:\/\/friville.lobs.pro\/wordpress\/index.php\/video-dtc-2e-essai\/\"><span style=\"color: #2f94c5;\">DTC 2\u00e8me essai<\/span> &#8211; <span style=\"color: #333333;\">Werhner Bouwens, Thomas Merret, Jean-Fran\u00e7ois Provost<\/span><\/a><br \/><br \/><\/li>\n<li><a href=\"http:\/\/friville.lobs.pro\/wordpress\/index.php\/video-dtc-1er-essai\/\">DTC 1er essai &#8211; <span style=\"color: #333333;\">Gilbert Peyre<\/span><span style=\"color: #333333;\"> &#8211; Denis Pondruel<br \/><\/span><\/a><\/li>\n<\/ul>\n<p><\/p>\n<p><\/p>\t\t\t\t\t\t\t\t<\/div>\n\t\t\t\t<\/div>\n\t\t\t\t\t<\/div>\n\t\t<\/div>\n\t\t\t\t\t<\/div>\n\t\t<\/section>\n\t\t\t\t<div class=\"elementor-element elementor-element-938a987 elementor-widget elementor-widget-spacer\" data-id=\"938a987\" data-element_type=\"widget\" data-widget_type=\"spacer.default\">\n\t\t\t\t<div class=\"elementor-widget-container\">\n\t\t\t\t\t\t\t<div class=\"elementor-spacer\">\n\t\t\t<div class=\"elementor-spacer-inner\"><\/div>\n\t\t<\/div>\n\t\t\t\t\t\t<\/div>\n\t\t\t\t<\/div>\n\t\t\t\t<div class=\"elementor-element elementor-element-235ce8d elementor-widget elementor-widget-heading\" data-id=\"235ce8d\" data-element_type=\"widget\" data-widget_type=\"heading.default\">\n\t\t\t\t<div class=\"elementor-widget-container\">\n\t\t\t\t\t<h2 class=\"elementor-heading-title elementor-size-default\">Vid\u00e9os et Paroles d'artiste<p><font color=\"#c70808\"><i>D\u00e9moul\u00e9 Trop Chaud<\/h2>\t\t\t\t<\/div>\n\t\t\t\t<\/div>\n\t\t\t\t<section class=\"elementor-section elementor-inner-section elementor-element elementor-element-4892921 elementor-section-boxed elementor-section-height-default elementor-section-height-default\" data-id=\"4892921\" data-element_type=\"section\">\n\t\t\t\t\t\t<div class=\"elementor-container elementor-column-gap-default\">\n\t\t\t\t\t<div class=\"elementor-column elementor-col-50 elementor-inner-column elementor-element elementor-element-3348979\" data-id=\"3348979\" data-element_type=\"column\">\n\t\t\t<div class=\"elementor-widget-wrap elementor-element-populated\">\n\t\t\t\t\t\t<div class=\"elementor-element elementor-element-b18f4b4 elementor-widget elementor-widget-image\" data-id=\"b18f4b4\" data-element_type=\"widget\" data-widget_type=\"image.default\">\n\t\t\t\t<div class=\"elementor-widget-container\">\n\t\t\t\t\t\t\t\t\t\t\t\t\t\t\t<img decoding=\"async\" width=\"750\" height=\"402\" src=\"http:\/\/www.friville-editions.org\/wordpress\/wp-content\/uploads\/2022\/01\/AdT-Expo-1024x549.png\" class=\"attachment-large size-large wp-image-12188\" alt=\"\" srcset=\"http:\/\/www.friville-editions.org\/wordpress\/wp-content\/uploads\/2022\/01\/AdT-Expo-1024x549.png 1024w, http:\/\/www.friville-editions.org\/wordpress\/wp-content\/uploads\/2022\/01\/AdT-Expo-300x161.png 300w, http:\/\/www.friville-editions.org\/wordpress\/wp-content\/uploads\/2022\/01\/AdT-Expo-768x412.png 768w, http:\/\/www.friville-editions.org\/wordpress\/wp-content\/uploads\/2022\/01\/AdT-Expo.png 1366w\" sizes=\"(max-width: 750px) 100vw, 750px\" \/>\t\t\t\t\t\t\t\t\t\t\t\t\t\t\t<\/div>\n\t\t\t\t<\/div>\n\t\t\t\t\t<\/div>\n\t\t<\/div>\n\t\t\t\t<div class=\"elementor-column elementor-col-50 elementor-inner-column elementor-element elementor-element-879cf8b\" data-id=\"879cf8b\" data-element_type=\"column\">\n\t\t\t<div class=\"elementor-widget-wrap elementor-element-populated\">\n\t\t\t\t\t\t<div class=\"elementor-element elementor-element-09f77ca elementor-widget elementor-widget-text-editor\" data-id=\"09f77ca\" data-element_type=\"widget\" data-widget_type=\"text-editor.default\">\n\t\t\t\t<div class=\"elementor-widget-container\">\n\t\t\t\t\t\t\t\t\t<p><\/p>\n<ul>\n<li><span style=\"color: #2f94c5;\">AdT11<\/span> &#8211; <span style=\"color: #333333;\"><span style=\"color: #333333;\">Damien Cabane, Vincent C\u00f4me, Florence Cosnefroy, Dominique De Beir, Philippe Des loubi\u00e8res, Bernard Lallemand, Catherine Larr\u00e9, Anne Lefebvre, Alain Mauger, Daniel Nadaud, Denis Pondruel, Jean-Fran\u00e7ois Pruvost, Philippe Richard<\/span><\/span>\n<p><\/p>\n<\/li>\n<li><a href=\"http:\/\/friville.lobs.pro\/wordpress\/index.php\/videos-adt10\/\">AdT 10 &#8211; <span style=\"color: #333333;\">Pierre Escot, Sylvain Kahane, Olivier Leroi, Patrice Pantin<\/span><\/a><br \/><br \/><\/li>\n<li><span style=\"color: #2f94c5;\">AdT 8<\/span> &#8211; Florence Chevallier, Jean-Gabriel Coignet, Ana\u00efs Leli\u00e8vre, Michel Toupet, Catherine Viollet<br \/><br \/><\/li>\n<li>AdT 7 &#8211; <span style=\"color: #333333;\">\u00c9lise Beaucousin, Christophe Cuzin, Sylvie Houriez, Emmanuel Mailly, Christophe Viart<br \/><\/span><span style=\"color: #ff9900;\"><br \/><\/span><\/li>\n<li><a href=\"http:\/\/friville.lobs.pro\/wordpress\/index.php\/videos-adt5\/\"><span style=\"color: #2f94c5;\">AdT 5 <\/span>&#8211; <span style=\"color: #2f94c5;\"><span style=\"color: #333333;\">Pascal Pesez, Diane Watteau<\/span><\/span><\/a><br \/><br \/><\/li>\n<li><a href=\"http:\/\/friville.lobs.pro\/wordpress\/index.php\/video-adt2\">AdT 2 &#8211; <\/a><span style=\"color: #333333;\">Chantal Balkowski<\/span><\/li>\n<\/ul>\n<p><\/p>\t\t\t\t\t\t\t\t<\/div>\n\t\t\t\t<\/div>\n\t\t\t\t\t<\/div>\n\t\t<\/div>\n\t\t\t\t\t<\/div>\n\t\t<\/section>\n\t\t\t\t<section class=\"elementor-section elementor-inner-section elementor-element elementor-element-821401d elementor-section-boxed elementor-section-height-default elementor-section-height-default\" data-id=\"821401d\" data-element_type=\"section\">\n\t\t\t\t\t\t<div class=\"elementor-container elementor-column-gap-default\">\n\t\t\t\t\t<div class=\"elementor-column elementor-col-100 elementor-inner-column elementor-element elementor-element-e78ffc4\" data-id=\"e78ffc4\" data-element_type=\"column\">\n\t\t\t<div class=\"elementor-widget-wrap\">\n\t\t\t\t\t\t\t<\/div>\n\t\t<\/div>\n\t\t\t\t\t<\/div>\n\t\t<\/section>\n\t\t\t\t\t<\/div>\n\t\t<\/div>\n\t\t\t\t\t<\/div>\n\t\t<\/section>\n\t\t\t\t<section class=\"elementor-section elementor-top-section elementor-element elementor-element-d05903d elementor-section-boxed elementor-section-height-default elementor-section-height-default\" data-id=\"d05903d\" data-element_type=\"section\">\n\t\t\t\t\t\t<div class=\"elementor-container elementor-column-gap-default\">\n\t\t\t\t\t<div class=\"elementor-column elementor-col-100 elementor-top-column elementor-element elementor-element-8b4ddf1\" data-id=\"8b4ddf1\" data-element_type=\"column\">\n\t\t\t<div class=\"elementor-widget-wrap elementor-element-populated\">\n\t\t\t\t\t\t<div class=\"elementor-element elementor-element-5ed8cd0 elementor-widget elementor-widget-spacer\" data-id=\"5ed8cd0\" data-element_type=\"widget\" data-widget_type=\"spacer.default\">\n\t\t\t\t<div class=\"elementor-widget-container\">\n\t\t\t\t\t\t\t<div class=\"elementor-spacer\">\n\t\t\t<div class=\"elementor-spacer-inner\"><\/div>\n\t\t<\/div>\n\t\t\t\t\t\t<\/div>\n\t\t\t\t<\/div>\n\t\t\t\t\t<\/div>\n\t\t<\/div>\n\t\t\t\t\t<\/div>\n\t\t<\/section>\n\t\t\t\t<\/div>\n\t\t","protected":false},"excerpt":{"rendered":"<p>nos vid\u00e9os Vid\u00e9os Paroles d&rsquo;artiste Et\u2026Vlan! Et\u2026Vlan! 2e \u00e9ditionH\u00e0 My Nguyen, Sujin Oh, Christophe Robe, Alexandra Roussopoulos, Peter Soriano Et\u2026Vlan !\u00a0 1re \u00e9dition Thomas Maestro, Charlotte Puertas, Baptiste Roux, Agathe Schneider, Heidi Wood Vid\u00e9os et Paroles d&rsquo;artiste Atmosph\u00e8re de Transformation Pr\u00e9sentation de DTC par Denis Pondruel https:\/\/youtu.be\/_g1iMtkjCO0 DTC 8\u00e8me essai [&hellip;]<\/p>\n","protected":false},"author":3,"featured_media":0,"parent":0,"menu_order":0,"comment_status":"closed","ping_status":"closed","template":"elementor_header_footer","meta":{"rop_custom_images_group":[],"rop_custom_messages_group":[],"rop_publish_now":"initial","rop_publish_now_accounts":[],"rop_publish_now_history":[],"rop_publish_now_status":"pending","footnotes":""},"class_list":["post-4604","page","type-page","status-publish","hentry"],"_links":{"self":[{"href":"http:\/\/www.friville-editions.org\/wordpress\/index.php\/wp-json\/wp\/v2\/pages\/4604","targetHints":{"allow":["GET"]}}],"collection":[{"href":"http:\/\/www.friville-editions.org\/wordpress\/index.php\/wp-json\/wp\/v2\/pages"}],"about":[{"href":"http:\/\/www.friville-editions.org\/wordpress\/index.php\/wp-json\/wp\/v2\/types\/page"}],"author":[{"embeddable":true,"href":"http:\/\/www.friville-editions.org\/wordpress\/index.php\/wp-json\/wp\/v2\/users\/3"}],"replies":[{"embeddable":true,"href":"http:\/\/www.friville-editions.org\/wordpress\/index.php\/wp-json\/wp\/v2\/comments?post=4604"}],"version-history":[{"count":168,"href":"http:\/\/www.friville-editions.org\/wordpress\/index.php\/wp-json\/wp\/v2\/pages\/4604\/revisions"}],"predecessor-version":[{"id":15901,"href":"http:\/\/www.friville-editions.org\/wordpress\/index.php\/wp-json\/wp\/v2\/pages\/4604\/revisions\/15901"}],"wp:attachment":[{"href":"http:\/\/www.friville-editions.org\/wordpress\/index.php\/wp-json\/wp\/v2\/media?parent=4604"}],"curies":[{"name":"wp","href":"https:\/\/api.w.org\/{rel}","templated":true}]}}