{"id":4706,"date":"2020-08-25T09:39:59","date_gmt":"2020-08-25T07:39:59","guid":{"rendered":"http:\/\/friville.lobs.pro\/wordpress\/?page_id=4706"},"modified":"2022-08-23T10:25:36","modified_gmt":"2022-08-23T08:25:36","slug":"friville-editions","status":"publish","type":"page","link":"http:\/\/www.friville-editions.org\/wordpress\/index.php\/friville-editions\/","title":{"rendered":"Friville"},"content":{"rendered":"\t\t<div data-elementor-type=\"wp-page\" data-elementor-id=\"4706\" class=\"elementor elementor-4706\">\n\t\t\t\t\t\t<section class=\"elementor-section elementor-top-section elementor-element elementor-element-0e4397f elementor-section-boxed elementor-section-height-default elementor-section-height-default\" data-id=\"0e4397f\" data-element_type=\"section\">\n\t\t\t\t\t\t<div class=\"elementor-container elementor-column-gap-default\">\n\t\t\t\t\t<div class=\"elementor-column elementor-col-100 elementor-top-column elementor-element elementor-element-0ec9f06\" data-id=\"0ec9f06\" data-element_type=\"column\">\n\t\t\t<div class=\"elementor-widget-wrap elementor-element-populated\">\n\t\t\t\t\t\t<div class=\"elementor-element elementor-element-d709f1f elementor-widget elementor-widget-spacer\" data-id=\"d709f1f\" data-element_type=\"widget\" data-widget_type=\"spacer.default\">\n\t\t\t\t<div class=\"elementor-widget-container\">\n\t\t\t\t\t\t\t<div class=\"elementor-spacer\">\n\t\t\t<div class=\"elementor-spacer-inner\"><\/div>\n\t\t<\/div>\n\t\t\t\t\t\t<\/div>\n\t\t\t\t<\/div>\n\t\t\t\t\t<\/div>\n\t\t<\/div>\n\t\t\t\t\t<\/div>\n\t\t<\/section>\n\t\t\t\t<section class=\"elementor-section elementor-top-section elementor-element elementor-element-6682666 elementor-section-boxed elementor-section-height-default elementor-section-height-default\" data-id=\"6682666\" data-element_type=\"section\">\n\t\t\t\t\t\t<div class=\"elementor-container elementor-column-gap-default\">\n\t\t\t\t\t<div class=\"elementor-column elementor-col-100 elementor-top-column elementor-element elementor-element-cd7fbe1\" data-id=\"cd7fbe1\" data-element_type=\"column\" data-settings=\"{&quot;background_background&quot;:&quot;classic&quot;}\">\n\t\t\t<div class=\"elementor-widget-wrap elementor-element-populated\">\n\t\t\t\t\t\t<section class=\"elementor-section elementor-inner-section elementor-element elementor-element-93e29cb elementor-section-boxed elementor-section-height-default elementor-section-height-default\" data-id=\"93e29cb\" data-element_type=\"section\">\n\t\t\t\t\t\t<div class=\"elementor-container elementor-column-gap-default\">\n\t\t\t\t\t<div class=\"elementor-column elementor-col-100 elementor-inner-column elementor-element elementor-element-d1c7520\" data-id=\"d1c7520\" data-element_type=\"column\">\n\t\t\t<div class=\"elementor-widget-wrap elementor-element-populated\">\n\t\t\t\t\t\t<div class=\"elementor-element elementor-element-a13fd52 elementor-widget elementor-widget-heading\" data-id=\"a13fd52\" data-element_type=\"widget\" data-widget_type=\"heading.default\">\n\t\t\t\t<div class=\"elementor-widget-container\">\n\t\t\t\t\t<h2 class=\"elementor-heading-title elementor-size-default\">Les carnets de recherche des artistes<\/h2>\t\t\t\t<\/div>\n\t\t\t\t<\/div>\n\t\t\t\t<div class=\"elementor-element elementor-element-6ca66ab elementor-widget elementor-widget-text-editor\" data-id=\"6ca66ab\" data-element_type=\"widget\" data-widget_type=\"text-editor.default\">\n\t\t\t\t<div class=\"elementor-widget-container\">\n\t\t\t\t\t\t\t\t\t<span style=\"color: #ff6600;\"><span style=\"font-size: small;\"><span style=\"font-family: 'Courier New';\">l&rsquo;ouvrage monographique ou th\u00e9matique reste toujours \u00e0 inventer<\/span><\/span><\/span>\t\t\t\t\t\t\t\t<\/div>\n\t\t\t\t<\/div>\n\t\t\t\t\t<\/div>\n\t\t<\/div>\n\t\t\t\t\t<\/div>\n\t\t<\/section>\n\t\t\t\t\t<\/div>\n\t\t<\/div>\n\t\t\t\t\t<\/div>\n\t\t<\/section>\n\t\t\t\t<section class=\"elementor-section elementor-top-section elementor-element elementor-element-fda0eaa elementor-section-boxed elementor-section-height-default elementor-section-height-default\" data-id=\"fda0eaa\" data-element_type=\"section\">\n\t\t\t\t\t\t<div class=\"elementor-container elementor-column-gap-default\">\n\t\t\t\t\t<div class=\"elementor-column elementor-col-100 elementor-top-column elementor-element elementor-element-ce5de9e\" data-id=\"ce5de9e\" data-element_type=\"column\">\n\t\t\t<div class=\"elementor-widget-wrap elementor-element-populated\">\n\t\t\t\t\t\t<div class=\"elementor-element elementor-element-1b6afb5 elementor-widget elementor-widget-spacer\" data-id=\"1b6afb5\" data-element_type=\"widget\" data-widget_type=\"spacer.default\">\n\t\t\t\t<div class=\"elementor-widget-container\">\n\t\t\t\t\t\t\t<div class=\"elementor-spacer\">\n\t\t\t<div class=\"elementor-spacer-inner\"><\/div>\n\t\t<\/div>\n\t\t\t\t\t\t<\/div>\n\t\t\t\t<\/div>\n\t\t\t\t\t<\/div>\n\t\t<\/div>\n\t\t\t\t\t<\/div>\n\t\t<\/section>\n\t\t\t\t<section class=\"elementor-section elementor-top-section elementor-element elementor-element-368d3c8 elementor-section-boxed elementor-section-height-default elementor-section-height-default\" data-id=\"368d3c8\" data-element_type=\"section\">\n\t\t\t\t\t\t<div class=\"elementor-container elementor-column-gap-default\">\n\t\t\t\t\t<div class=\"elementor-column elementor-col-100 elementor-top-column elementor-element elementor-element-02cfc56\" data-id=\"02cfc56\" data-element_type=\"column\" data-settings=\"{&quot;background_background&quot;:&quot;classic&quot;}\">\n\t\t\t<div class=\"elementor-widget-wrap elementor-element-populated\">\n\t\t\t\t\t\t<section class=\"elementor-section elementor-inner-section elementor-element elementor-element-394816a elementor-section-boxed elementor-section-height-default elementor-section-height-default\" data-id=\"394816a\" data-element_type=\"section\">\n\t\t\t\t\t\t<div class=\"elementor-container elementor-column-gap-default\">\n\t\t\t\t\t<div class=\"elementor-column elementor-col-50 elementor-inner-column elementor-element elementor-element-5839870\" data-id=\"5839870\" data-element_type=\"column\">\n\t\t\t<div class=\"elementor-widget-wrap elementor-element-populated\">\n\t\t\t\t\t\t<div class=\"elementor-element elementor-element-97969c0 elementor-widget elementor-widget-image\" data-id=\"97969c0\" data-element_type=\"widget\" data-widget_type=\"image.default\">\n\t\t\t\t<div class=\"elementor-widget-container\">\n\t\t\t\t\t\t\t\t\t\t\t\t\t\t\t<img fetchpriority=\"high\" decoding=\"async\" width=\"750\" height=\"500\" src=\"http:\/\/www.friville-editions.org\/wordpress\/wp-content\/uploads\/2021\/04\/RVB-ImageDeFond-Transparente-1024x683.jpg\" class=\"attachment-large size-large wp-image-7991\" alt=\"\" srcset=\"http:\/\/www.friville-editions.org\/wordpress\/wp-content\/uploads\/2021\/04\/RVB-ImageDeFond-Transparente-1024x683.jpg 1024w, http:\/\/www.friville-editions.org\/wordpress\/wp-content\/uploads\/2021\/04\/RVB-ImageDeFond-Transparente-300x200.jpg 300w, http:\/\/www.friville-editions.org\/wordpress\/wp-content\/uploads\/2021\/04\/RVB-ImageDeFond-Transparente-768x512.jpg 768w, http:\/\/www.friville-editions.org\/wordpress\/wp-content\/uploads\/2021\/04\/RVB-ImageDeFond-Transparente-360x240.jpg 360w, http:\/\/www.friville-editions.org\/wordpress\/wp-content\/uploads\/2021\/04\/RVB-ImageDeFond-Transparente-600x400.jpg 600w, http:\/\/www.friville-editions.org\/wordpress\/wp-content\/uploads\/2021\/04\/RVB-ImageDeFond-Transparente.jpg 1366w\" sizes=\"(max-width: 750px) 100vw, 750px\" \/>\t\t\t\t\t\t\t\t\t\t\t\t\t\t\t<\/div>\n\t\t\t\t<\/div>\n\t\t\t\t\t<\/div>\n\t\t<\/div>\n\t\t\t\t<div class=\"elementor-column elementor-col-50 elementor-inner-column elementor-element elementor-element-6c7205a\" data-id=\"6c7205a\" data-element_type=\"column\">\n\t\t\t<div class=\"elementor-widget-wrap elementor-element-populated\">\n\t\t\t\t\t\t<div class=\"elementor-element elementor-element-b54091d elementor-widget elementor-widget-text-editor\" data-id=\"b54091d\" data-element_type=\"widget\" data-widget_type=\"text-editor.default\">\n\t\t\t\t<div class=\"elementor-widget-container\">\n\t\t\t\t\t\t\t\t\t<p><strong><span style=\"color: #fa8304;\"><em><\/em><\/span><\/strong><strong><\/strong><strong><span><i>Friville \u00e9ditions<\/i><\/span><\/strong><span style=\"color: #333333;\"><span><strong>,<\/strong> un soutien \u00e0 la r\u00e9alisation d&rsquo;ouvrages con\u00e7us et r\u00e9alis\u00e9s par les artistes sur une recherche, une exp\u00e9rimentation dans leur travail mais aussi, selon les rencontres, \u00e0 des \u00e9ditions insolites\u2026 une trace pertinente d&rsquo;une exposition, une documentation sur le processus en cours, un \u00e9tat des lieux du r\u00e9seau complexe qui pr\u00e9c\u00e8de l&rsquo;existence de l&rsquo;\u0153uvre et, peut-\u00eatre aussi, une \u0153uvre \u00e0 part enti\u00e8re\u2026<br \/><\/span><\/span><strong><i>Friville \u00e9ditions<\/i><\/strong><span style=\"color: #333333;\"><span> est un lieu de diffusion, un lieu d&rsquo;exposition, un espace critique, un espace de confrontations et de rencontres avec d&rsquo;autres artistes.<\/span><\/span><\/p>\t\t\t\t\t\t\t\t<\/div>\n\t\t\t\t<\/div>\n\t\t\t\t\t<\/div>\n\t\t<\/div>\n\t\t\t\t\t<\/div>\n\t\t<\/section>\n\t\t\t\t\t<\/div>\n\t\t<\/div>\n\t\t\t\t\t<\/div>\n\t\t<\/section>\n\t\t\t\t<section class=\"elementor-section elementor-top-section elementor-element elementor-element-5bdbb18 elementor-section-boxed elementor-section-height-default elementor-section-height-default\" data-id=\"5bdbb18\" data-element_type=\"section\">\n\t\t\t\t\t\t<div class=\"elementor-container elementor-column-gap-default\">\n\t\t\t\t\t<div class=\"elementor-column elementor-col-100 elementor-top-column elementor-element elementor-element-45a798d\" data-id=\"45a798d\" data-element_type=\"column\">\n\t\t\t<div class=\"elementor-widget-wrap elementor-element-populated\">\n\t\t\t\t\t\t<div class=\"elementor-element elementor-element-547daa4 elementor-widget elementor-widget-spacer\" data-id=\"547daa4\" data-element_type=\"widget\" data-widget_type=\"spacer.default\">\n\t\t\t\t<div class=\"elementor-widget-container\">\n\t\t\t\t\t\t\t<div class=\"elementor-spacer\">\n\t\t\t<div class=\"elementor-spacer-inner\"><\/div>\n\t\t<\/div>\n\t\t\t\t\t\t<\/div>\n\t\t\t\t<\/div>\n\t\t\t\t\t<\/div>\n\t\t<\/div>\n\t\t\t\t\t<\/div>\n\t\t<\/section>\n\t\t\t\t<section class=\"elementor-section elementor-top-section elementor-element elementor-element-c651dcd elementor-section-boxed elementor-section-height-default elementor-section-height-default\" data-id=\"c651dcd\" data-element_type=\"section\">\n\t\t\t\t\t\t<div class=\"elementor-container elementor-column-gap-default\">\n\t\t\t\t\t<div class=\"elementor-column elementor-col-100 elementor-top-column elementor-element elementor-element-00659a4\" data-id=\"00659a4\" data-element_type=\"column\" data-settings=\"{&quot;background_background&quot;:&quot;classic&quot;}\">\n\t\t\t<div class=\"elementor-widget-wrap elementor-element-populated\">\n\t\t\t\t\t\t<div class=\"elementor-element elementor-element-71536c9 elementor-widget elementor-widget-text-editor\" data-id=\"71536c9\" data-element_type=\"widget\" data-widget_type=\"text-editor.default\">\n\t\t\t\t<div class=\"elementor-widget-container\">\n\t\t\t\t\t\t\t\t\t<p><strong><span style=\"color: #fa8304;\"><em>Friville \u00e9ditions<\/em><\/span><\/strong> <span style=\"color: #000000;\">a \u00e9t\u00e9 cr\u00e9\u00e9e en 2010 par 4 artistes (Dominique De Beir, Denis Pondruel, Philippe Richard et Vincent C\u00f4me). Ils ont \u00e9t\u00e9 rejoints par Catherine Larr\u00e9, Marie-Pierre Del\u0153il et Jean-Fran\u00e7ois Provost, Francine Petit <span>puis par Olivier Michel<\/span>.<\/span><br \/><span style=\"color: #000000;\">C&rsquo;est donc avec ces 9 administrateurs que Friville \u00e9ditions s&rsquo;est d\u00e9velopp\u00e9e.<\/span><\/p><p><span style=\"color: #000000;\">Depuis la cr\u00e9ation de FE une cinquante d&rsquo;ouvrages ont \u00e9t\u00e9 \u00e9dit\u00e9s dont beaucoup, ont une version <em>Tirage de t\u00eate, disponible en vente en ligne sur FrivilleShop.com et\/ou lors de salons auxquels nous ne manquons pas de participer (MAD <\/em>(Paris))<em>, Trafic (ex Mise en pli) <\/em>(Marseille), Salon Multiples (Morlaix), <em>Ping-Pong<\/em> salon de la micro \u00e9dition (Amiens), \u2026)<br \/><em><\/em><\/span><\/p><p><span style=\"color: #000000;\">\u00c0 ce jour, une soixantaine d&rsquo;artistes ont expos\u00e9 lors d&rsquo;\u00e9v\u00e9nements (<em>Atmosph\u00e8re de Transformation<\/em> (AdT) et <em>D\u00e9moul\u00e9 trop chaud<\/em> (DTC)) o\u00f9 ils \u00e9taient invit\u00e9s \u00e0 montrer les pr\u00e9mices , la gen\u00e8se de leur travail, des rat\u00e9s, des rejets, des tentatives, des exp\u00e9rimentations&#8230;<br \/><\/span><\/p><p><span style=\"color: #000000;\">11 AdT ont vu le jour ainsi que 8 DTC.<\/span><\/p><p><span style=\"color: #000000;\">Durant plusieurs ann\u00e9es les expositions on eu lieu dans le cabinet d&rsquo;architecte de Jean-Fran\u00e7ois Provost, Bd henry IV \u00e0 Paris.<\/span><\/p>\t\t\t\t\t\t\t\t<\/div>\n\t\t\t\t<\/div>\n\t\t\t\t\t<\/div>\n\t\t<\/div>\n\t\t\t\t\t<\/div>\n\t\t<\/section>\n\t\t\t\t<\/div>\n\t\t","protected":false},"excerpt":{"rendered":"<p>Les carnets de recherche des artistes l&rsquo;ouvrage monographique ou th\u00e9matique reste toujours \u00e0 inventer Friville \u00e9ditions, un soutien \u00e0 la r\u00e9alisation d&rsquo;ouvrages con\u00e7us et r\u00e9alis\u00e9s par les artistes sur une recherche, une exp\u00e9rimentation dans leur travail mais aussi, selon les rencontres, \u00e0 des \u00e9ditions insolites\u2026 une trace pertinente d&rsquo;une exposition, [&hellip;]<\/p>\n","protected":false},"author":1,"featured_media":4864,"parent":0,"menu_order":0,"comment_status":"closed","ping_status":"closed","template":"elementor_header_footer","meta":{"rop_custom_images_group":[],"rop_custom_messages_group":[],"rop_publish_now":"initial","rop_publish_now_accounts":[],"rop_publish_now_history":[],"rop_publish_now_status":"pending","footnotes":""},"class_list":["post-4706","page","type-page","status-publish","has-post-thumbnail","hentry"],"_links":{"self":[{"href":"http:\/\/www.friville-editions.org\/wordpress\/index.php\/wp-json\/wp\/v2\/pages\/4706","targetHints":{"allow":["GET"]}}],"collection":[{"href":"http:\/\/www.friville-editions.org\/wordpress\/index.php\/wp-json\/wp\/v2\/pages"}],"about":[{"href":"http:\/\/www.friville-editions.org\/wordpress\/index.php\/wp-json\/wp\/v2\/types\/page"}],"author":[{"embeddable":true,"href":"http:\/\/www.friville-editions.org\/wordpress\/index.php\/wp-json\/wp\/v2\/users\/1"}],"replies":[{"embeddable":true,"href":"http:\/\/www.friville-editions.org\/wordpress\/index.php\/wp-json\/wp\/v2\/comments?post=4706"}],"version-history":[{"count":189,"href":"http:\/\/www.friville-editions.org\/wordpress\/index.php\/wp-json\/wp\/v2\/pages\/4706\/revisions"}],"predecessor-version":[{"id":14099,"href":"http:\/\/www.friville-editions.org\/wordpress\/index.php\/wp-json\/wp\/v2\/pages\/4706\/revisions\/14099"}],"wp:featuredmedia":[{"embeddable":true,"href":"http:\/\/www.friville-editions.org\/wordpress\/index.php\/wp-json\/wp\/v2\/media\/4864"}],"wp:attachment":[{"href":"http:\/\/www.friville-editions.org\/wordpress\/index.php\/wp-json\/wp\/v2\/media?parent=4706"}],"curies":[{"name":"wp","href":"https:\/\/api.w.org\/{rel}","templated":true}]}}