{"id":5142,"date":"2020-11-19T10:27:48","date_gmt":"2020-11-19T09:27:48","guid":{"rendered":"http:\/\/friville.lobs.pro\/wordpress\/?page_id=5142"},"modified":"2024-03-12T21:12:10","modified_gmt":"2024-03-12T20:12:10","slug":"a-acteurs","status":"publish","type":"page","link":"http:\/\/www.friville-editions.org\/wordpress\/index.php\/a-acteurs\/","title":{"rendered":"Acteurs"},"content":{"rendered":"\t\t<div data-elementor-type=\"wp-page\" data-elementor-id=\"5142\" class=\"elementor elementor-5142\">\n\t\t\t\t\t\t<section class=\"elementor-section elementor-top-section elementor-element elementor-element-55a2047 elementor-section-boxed elementor-section-height-default elementor-section-height-default\" data-id=\"55a2047\" data-element_type=\"section\">\n\t\t\t\t\t\t<div class=\"elementor-container elementor-column-gap-default\">\n\t\t\t\t\t<div class=\"elementor-column elementor-col-100 elementor-top-column elementor-element elementor-element-8eb4def\" data-id=\"8eb4def\" data-element_type=\"column\">\n\t\t\t<div class=\"elementor-widget-wrap elementor-element-populated\">\n\t\t\t\t\t\t<div class=\"elementor-element elementor-element-30b237a elementor-widget elementor-widget-spacer\" data-id=\"30b237a\" data-element_type=\"widget\" data-widget_type=\"spacer.default\">\n\t\t\t\t<div class=\"elementor-widget-container\">\n\t\t\t\t\t\t\t<div class=\"elementor-spacer\">\n\t\t\t<div class=\"elementor-spacer-inner\"><\/div>\n\t\t<\/div>\n\t\t\t\t\t\t<\/div>\n\t\t\t\t<\/div>\n\t\t\t\t\t<\/div>\n\t\t<\/div>\n\t\t\t\t\t<\/div>\n\t\t<\/section>\n\t\t\t\t<section class=\"elementor-section elementor-top-section elementor-element elementor-element-2b738aa elementor-section-boxed elementor-section-height-default elementor-section-height-default\" data-id=\"2b738aa\" data-element_type=\"section\">\n\t\t\t\t\t\t<div class=\"elementor-container elementor-column-gap-default\">\n\t\t\t\t\t<div class=\"elementor-column elementor-col-100 elementor-top-column elementor-element elementor-element-6cb7c5a\" data-id=\"6cb7c5a\" data-element_type=\"column\">\n\t\t\t<div class=\"elementor-widget-wrap elementor-element-populated\">\n\t\t\t\t\t\t<div class=\"elementor-element elementor-element-d26d834 elementor-widget elementor-widget-heading\" data-id=\"d26d834\" data-element_type=\"widget\" data-widget_type=\"heading.default\">\n\t\t\t\t<div class=\"elementor-widget-container\">\n\t\t\t\t\t<h2 class=\"elementor-heading-title elementor-size-default\">Auteurs, acteurs\u2026<\/h2>\t\t\t\t<\/div>\n\t\t\t\t<\/div>\n\t\t\t\t\t<\/div>\n\t\t<\/div>\n\t\t\t\t\t<\/div>\n\t\t<\/section>\n\t\t\t\t<section class=\"elementor-section elementor-top-section elementor-element elementor-element-2258f52 elementor-section-boxed elementor-section-height-default elementor-section-height-default\" data-id=\"2258f52\" data-element_type=\"section\">\n\t\t\t\t\t\t<div class=\"elementor-container elementor-column-gap-default\">\n\t\t\t\t\t<div class=\"elementor-column elementor-col-100 elementor-top-column elementor-element elementor-element-4b4375b\" data-id=\"4b4375b\" data-element_type=\"column\">\n\t\t\t<div class=\"elementor-widget-wrap elementor-element-populated\">\n\t\t\t\t\t\t<div class=\"elementor-element elementor-element-cc45980 elementor-widget elementor-widget-spacer\" data-id=\"cc45980\" data-element_type=\"widget\" data-widget_type=\"spacer.default\">\n\t\t\t\t<div class=\"elementor-widget-container\">\n\t\t\t\t\t\t\t<div class=\"elementor-spacer\">\n\t\t\t<div class=\"elementor-spacer-inner\"><\/div>\n\t\t<\/div>\n\t\t\t\t\t\t<\/div>\n\t\t\t\t<\/div>\n\t\t\t\t\t<\/div>\n\t\t<\/div>\n\t\t\t\t\t<\/div>\n\t\t<\/section>\n\t\t\t\t<section class=\"elementor-section elementor-top-section elementor-element elementor-element-36565f9 elementor-section-boxed elementor-section-height-default elementor-section-height-default\" data-id=\"36565f9\" data-element_type=\"section\">\n\t\t\t\t\t\t<div class=\"elementor-container elementor-column-gap-default\">\n\t\t\t\t\t<div class=\"elementor-column elementor-col-100 elementor-top-column elementor-element elementor-element-4139d75\" data-id=\"4139d75\" data-element_type=\"column\" data-settings=\"{&quot;background_background&quot;:&quot;classic&quot;}\">\n\t\t\t<div class=\"elementor-widget-wrap elementor-element-populated\">\n\t\t\t\t\t\t<div class=\"elementor-element elementor-element-cc5a7ac elementor-widget elementor-widget-heading\" data-id=\"cc5a7ac\" data-element_type=\"widget\" data-widget_type=\"heading.default\">\n\t\t\t\t<div class=\"elementor-widget-container\">\n\t\t\t\t\t<h2 class=\"elementor-heading-title elementor-size-default\">De l'origine \u00e0 aujourd'hui<\/h2>\t\t\t\t<\/div>\n\t\t\t\t<\/div>\n\t\t\t\t<div class=\"elementor-element elementor-element-b575029 elementor-widget elementor-widget-text-editor\" data-id=\"b575029\" data-element_type=\"widget\" data-widget_type=\"text-editor.default\">\n\t\t\t\t<div class=\"elementor-widget-container\">\n\t\t\t\t\t\t\t\t\t<p><strong><em>Vincent C\u00f4me &#8211; Dominique De Beir &#8211; Marie-Pierre Del\u0153il &#8211; Catherine Larr\u00e9 &#8211; Olivier Michel &#8211; Francine Petit &#8211; Denis Pondruel &#8211; Jean-Fran\u00e7ois Provost &#8211; Philippe Richard<\/em><\/strong><\/p>\t\t\t\t\t\t\t\t<\/div>\n\t\t\t\t<\/div>\n\t\t\t\t<div class=\"elementor-element elementor-element-f4d7845 elementor-widget elementor-widget-heading\" data-id=\"f4d7845\" data-element_type=\"widget\" data-widget_type=\"heading.default\">\n\t\t\t\t<div class=\"elementor-widget-container\">\n\t\t\t\t\t<h2 class=\"elementor-heading-title elementor-size-default\">Auteurs<\/h2>\t\t\t\t<\/div>\n\t\t\t\t<\/div>\n\t\t\t\t<div class=\"elementor-element elementor-element-09203d8 elementor-widget elementor-widget-text-editor\" data-id=\"09203d8\" data-element_type=\"widget\" data-widget_type=\"text-editor.default\">\n\t\t\t\t<div class=\"elementor-widget-container\">\n\t\t\t\t\t\t\t\t\t<p>Erwan Ballan &#8211; Sylvain Barberot &#8211; Pascal Brateau &#8211; J\u00e9rome Boutterin &#8211; Camille &#8211; Christophe Cuzin &#8211; Katerina Christidi &#8211; Mich\u00e8le Cir\u00e8s-Brigant &#8211; Colloque &#8211; Vincent C\u00f4me &#8211; Florence Cosnefroy &#8211; Aboubacary Coulibaly &#8211; Christine Crozat &#8211; B\u00e9atrice Cussol &#8211; Dominique De Beir &#8211; Sylvie de Meurville &#8211; XAvier Drong &#8211; Samuel \u00c9tienne &#8211; Jean-Charles Eustache &#8211; Typhaine Fauni\u00e8res &#8211; Gilgian Gelzer &#8211; Marc G\u00e9renton &#8211; Olivier Gourvil &#8211; N\u00e9raud H\u00e9l\u00e8ne &#8211; R\u00e9gine Kolle &#8211; Carlos Kusnir &#8211; Catherine Larr\u00e9 &#8211; Ana\u00efs Leli\u00e8vre &#8211; Guy Lemonnier &#8211; R\u00e9my Louchard &#8211; Fr\u00e9d\u00e9rique Lucien &#8211; Ulla L\u00fcckerath &#8211; Olivier Michel &#8211; Miguel Angel Molina &#8211; Miquel Mont &#8211; Martine Mougin &#8211; Olivier Nottellet &#8211; Gianpaolo Pani &#8211; Francine Petit &#8211; Chlo\u00e9 Poizat &#8211; Denis Pondruel &#8211; Jean-Fran\u00e7ois Provost &#8211; \u00c9douard Prulhi\u00e8re &#8211; Daniel Pudl\u00e8s &#8211; Charlotte Puertas &#8211; Lionel Redon &#8211; Florence Reymond &#8211; Philippe Richard &#8211; Philippe Richard &#8211; Robinou &#8211; Baptiste Roux &#8211; Sylvie Ruaulx &#8211; Michel S\u00e9m\u00e9niako &#8211; Peter Soriano &#8211; Olivier Soulerin &#8211; Laure Vasconi &#8211; Ga\u00ebtan &#8211; Verdier Emmanuelle Villard &#8211; Tania Vlodova &#8211; He\u00efdi Wood<\/p>\t\t\t\t\t\t\t\t<\/div>\n\t\t\t\t<\/div>\n\t\t\t\t<div class=\"elementor-element elementor-element-ab9d8a2 elementor-widget elementor-widget-heading\" data-id=\"ab9d8a2\" data-element_type=\"widget\" data-widget_type=\"heading.default\">\n\t\t\t\t<div class=\"elementor-widget-container\">\n\t\t\t\t\t<h2 class=\"elementor-heading-title elementor-size-default\">Acteurs<\/h2>\t\t\t\t<\/div>\n\t\t\t\t<\/div>\n\t\t\t\t<div class=\"elementor-element elementor-element-e42f36c elementor-widget elementor-widget-text-editor\" data-id=\"e42f36c\" data-element_type=\"widget\" data-widget_type=\"text-editor.default\">\n\t\t\t\t<div class=\"elementor-widget-container\">\n\t\t\t\t\t\t\t\t\t<p>Chantal Balkowski<strong><em> &#8211; <\/em><\/strong>Beatrice Cussol <strong><em> &#8211; <\/em><\/strong>Pierre Corthay<strong><em> &#8211; <\/em><\/strong>Claude Faure<strong><em> &#8211; <\/em><\/strong>Ma\u00eblle labussi\u00e8re<strong><em> &#8211; <\/em><\/strong>Katerina Christidi<strong><em> &#8211; <\/em><\/strong>Florence Cosnefroy<strong><em> &#8211; <\/em><\/strong>Xavier Drong<strong><em> &#8211; <\/em><\/strong>Marc G\u00e9renton<strong><em> &#8211; <\/em><\/strong>Ingrid Saumur<strong><em> &#8211; <\/em><\/strong>Mich\u00e8le Cir\u00e8s-Brigand<strong><em> &#8211; <\/em><\/strong>Einar-Garibaldi Eiriksson<strong><em> &#8211; <\/em><\/strong>Bertrand Mandico<strong><em> &#8211; <\/em><\/strong>Sylvie de Meurville<strong><em> &#8211; <\/em><\/strong>Catherine Schwartz<strong><em> &#8211; <\/em><\/strong>Sylvain Barberot<strong><em> &#8211; <\/em><\/strong>Catherine Larr\u00e9<strong><em> &#8211; <\/em><\/strong>Pascal Pesez<strong><em> &#8211; <\/em><\/strong>Sylvie Ruaulx<strong><em> &#8211; <\/em><\/strong>Diane Watteau<strong><em> &#8211; <\/em><\/strong>H\u00e9l\u00e8ne Launois<strong><em> &#8211; <\/em><\/strong>Fr\u00e9d\u00e9rique Lucien<strong><em> &#8211; <\/em><\/strong>Olivier Michel<strong><em> &#8211; <\/em><\/strong>Sandrine Moreau<strong><em> &#8211; <\/em><\/strong>Olivier Soulerin<strong><em> &#8211; <\/em><\/strong>\u00c9lise Beaucousin &#8211; Christophe Cuzin &#8211; Sylvie Houriez &#8211; Emmanuel Mailly &#8211; Christophe Viart &#8211; Florence Chevallier &#8211; Jean-Gabriel Coignet &#8211; Ana\u00efs Leli\u00e8vre &#8211; Michel Toupet &#8211; Catherine Viollet &#8211; Kacha Legrand &#8211; Vincent Mauroux &#8211; Laurence Nicola &#8211; Marie-Claude Quignon &#8211; Julie Savoye &#8211; Pierre Escot &#8211; Sylvain Kahane &#8211; Olivier Leroi &#8211; Patrice Pantin &#8211; Ghislaine Vappereau &#8211; Damien Cabane &#8211; Vincent C\u00f4me &#8211; Florence Cosnefroy &#8211; Dominique De Beir &#8211; Philippe Desloubi\u00e8res &#8211; Jo\u00ebl Jobe &#8211; Bernard Lallemand &#8211; Catherine Larr\u00e9 &#8211; Anne Lefebvre &#8211; Alain Mauger &#8211; Daniel Nadaud &#8211; Denis Pondruel &#8211; Jean-Fran\u00e7ois Provos &#8211; Philippe Richard &#8211; Gilbert Peyre &#8211; Wernher Bouwens &#8211; Thomas Merret &#8211; Gilgian Gelzer &#8211; Silvia Hestres &#8211; \u00c9tienne Pressager &#8211; Heidi Wood &#8211; Karine Bonneval &#8211; Arnaud Caquelard &#8211; B\u00e9n\u00e9dicte Chaljub &#8211; \u00c9douard Prulhi\u00e8re &#8211; Aur\u00e9lie Sement &#8211; Chlo\u00e9 Poizat &#8211; Clara Djan &#8211; Nicolas Leto &#8211; Daniel Guyonnet &#8211; Gianpaolo Pagni &#8211; Hubert Renard &#8211; Jos\u00e9 Maria Gonzalez &#8211; Fran\u00e7ois Durif &#8211; Ana\u00efs Leli\u00e8vre &#8211; Guy Lemonnier &#8211; Ga\u00ebtan Verdier &#8211; S\u00e9phora Joannes &#8211; Emmanuel Rivi\u00e8re &#8211; Mathilde Coq &#8211; Samuel Etienne &#8211; Thyphaine Fauni\u00e8res &#8211; R\u00e9my Louchart &#8211; Olivier Michel &#8211; Francine Petit &#8211; Thomas Maestro &#8211; Charlotte Puertas &#8211; Baptiste Roux &#8211; Agathe Schneider &#8211; Heidi Wood &#8211; Ha My Nguyen &#8211; Sujin Oh &#8211; Christophe Robe &#8211; Alexandra Roussopoulos &#8211; Peter Soriano<\/p><p><span style=\"color: #ffffff;\"><span style=\"font-size: small;\"><span style=\"font-family: Courier New;\"><span style=\"font-size: medium;\"><span style=\"color: #eeb326;\"><\/span><\/span><\/span><\/span><\/span><\/p>\t\t\t\t\t\t\t\t<\/div>\n\t\t\t\t<\/div>\n\t\t\t\t\t<\/div>\n\t\t<\/div>\n\t\t\t\t\t<\/div>\n\t\t<\/section>\n\t\t\t\t<section class=\"elementor-section elementor-top-section elementor-element elementor-element-5ccbd76 elementor-section-boxed elementor-section-height-default elementor-section-height-default\" data-id=\"5ccbd76\" data-element_type=\"section\">\n\t\t\t\t\t\t<div class=\"elementor-container elementor-column-gap-default\">\n\t\t\t\t\t<div class=\"elementor-column elementor-col-100 elementor-top-column elementor-element elementor-element-d516260\" data-id=\"d516260\" data-element_type=\"column\">\n\t\t\t<div class=\"elementor-widget-wrap elementor-element-populated\">\n\t\t\t\t\t\t<div class=\"elementor-element elementor-element-5cd4f5e elementor-widget elementor-widget-spacer\" data-id=\"5cd4f5e\" data-element_type=\"widget\" data-widget_type=\"spacer.default\">\n\t\t\t\t<div class=\"elementor-widget-container\">\n\t\t\t\t\t\t\t<div class=\"elementor-spacer\">\n\t\t\t<div class=\"elementor-spacer-inner\"><\/div>\n\t\t<\/div>\n\t\t\t\t\t\t<\/div>\n\t\t\t\t<\/div>\n\t\t\t\t\t<\/div>\n\t\t<\/div>\n\t\t\t\t\t<\/div>\n\t\t<\/section>\n\t\t\t\t<\/div>\n\t\t","protected":false},"excerpt":{"rendered":"<p>Auteurs, acteurs\u2026 De l&rsquo;origine \u00e0 aujourd&rsquo;hui Vincent C\u00f4me &#8211; Dominique De Beir &#8211; Marie-Pierre Del\u0153il &#8211; Catherine Larr\u00e9 &#8211; Olivier Michel &#8211; Francine Petit &#8211; Denis Pondruel &#8211; Jean-Fran\u00e7ois Provost &#8211; Philippe Richard Auteurs Erwan Ballan &#8211; Sylvain Barberot &#8211; Pascal Brateau &#8211; J\u00e9rome Boutterin &#8211; Camille &#8211; Christophe Cuzin [&hellip;]<\/p>\n","protected":false},"author":1,"featured_media":0,"parent":0,"menu_order":0,"comment_status":"closed","ping_status":"closed","template":"elementor_header_footer","meta":{"rop_custom_images_group":[],"rop_custom_messages_group":[],"rop_publish_now":"initial","rop_publish_now_accounts":[],"rop_publish_now_history":[],"rop_publish_now_status":"pending","footnotes":""},"class_list":["post-5142","page","type-page","status-publish","hentry"],"_links":{"self":[{"href":"http:\/\/www.friville-editions.org\/wordpress\/index.php\/wp-json\/wp\/v2\/pages\/5142","targetHints":{"allow":["GET"]}}],"collection":[{"href":"http:\/\/www.friville-editions.org\/wordpress\/index.php\/wp-json\/wp\/v2\/pages"}],"about":[{"href":"http:\/\/www.friville-editions.org\/wordpress\/index.php\/wp-json\/wp\/v2\/types\/page"}],"author":[{"embeddable":true,"href":"http:\/\/www.friville-editions.org\/wordpress\/index.php\/wp-json\/wp\/v2\/users\/1"}],"replies":[{"embeddable":true,"href":"http:\/\/www.friville-editions.org\/wordpress\/index.php\/wp-json\/wp\/v2\/comments?post=5142"}],"version-history":[{"count":84,"href":"http:\/\/www.friville-editions.org\/wordpress\/index.php\/wp-json\/wp\/v2\/pages\/5142\/revisions"}],"predecessor-version":[{"id":15468,"href":"http:\/\/www.friville-editions.org\/wordpress\/index.php\/wp-json\/wp\/v2\/pages\/5142\/revisions\/15468"}],"wp:attachment":[{"href":"http:\/\/www.friville-editions.org\/wordpress\/index.php\/wp-json\/wp\/v2\/media?parent=5142"}],"curies":[{"name":"wp","href":"https:\/\/api.w.org\/{rel}","templated":true}]}}