{"id":57,"date":"2019-02-10T09:37:21","date_gmt":"2019-02-10T08:37:21","guid":{"rendered":"http:\/\/friville.lobs.pro\/wordpress\/?page_id=57"},"modified":"2026-03-19T11:27:26","modified_gmt":"2026-03-19T10:27:26","slug":"le-magasin","status":"publish","type":"page","link":"http:\/\/www.friville-editions.org\/wordpress\/index.php\/le-magasin\/","title":{"rendered":"Le magasin"},"content":{"rendered":"\t\t<div data-elementor-type=\"wp-page\" data-elementor-id=\"57\" class=\"elementor elementor-57\">\n\t\t\t\t\t\t<section class=\"elementor-section elementor-top-section elementor-element elementor-element-5907a7d elementor-section-boxed elementor-section-height-default elementor-section-height-default\" data-id=\"5907a7d\" data-element_type=\"section\">\n\t\t\t\t\t\t<div class=\"elementor-container elementor-column-gap-default\">\n\t\t\t\t\t<div class=\"elementor-column elementor-col-100 elementor-top-column elementor-element elementor-element-8e2b6b4\" data-id=\"8e2b6b4\" data-element_type=\"column\">\n\t\t\t<div class=\"elementor-widget-wrap elementor-element-populated\">\n\t\t\t\t\t\t<div class=\"elementor-element elementor-element-2bfb5db elementor-widget elementor-widget-spacer\" data-id=\"2bfb5db\" data-element_type=\"widget\" data-widget_type=\"spacer.default\">\n\t\t\t\t<div class=\"elementor-widget-container\">\n\t\t\t\t\t\t\t<div class=\"elementor-spacer\">\n\t\t\t<div class=\"elementor-spacer-inner\"><\/div>\n\t\t<\/div>\n\t\t\t\t\t\t<\/div>\n\t\t\t\t<\/div>\n\t\t\t\t\t<\/div>\n\t\t<\/div>\n\t\t\t\t\t<\/div>\n\t\t<\/section>\n\t\t\t\t<section class=\"elementor-section elementor-top-section elementor-element elementor-element-e63abd7 elementor-section-boxed elementor-section-height-default elementor-section-height-default\" data-id=\"e63abd7\" data-element_type=\"section\">\n\t\t\t\t\t\t<div class=\"elementor-container elementor-column-gap-default\">\n\t\t\t\t\t<div class=\"elementor-column elementor-col-100 elementor-top-column elementor-element elementor-element-5603b51\" data-id=\"5603b51\" data-element_type=\"column\">\n\t\t\t<div class=\"elementor-widget-wrap elementor-element-populated\">\n\t\t\t\t\t\t<div class=\"elementor-element elementor-element-3b4ea92 elementor-widget elementor-widget-heading\" data-id=\"3b4ea92\" data-element_type=\"widget\" data-widget_type=\"heading.default\">\n\t\t\t\t<div class=\"elementor-widget-container\">\n\t\t\t\t\t<h2 class=\"elementor-heading-title elementor-size-default\">FrivilleShop<p>notre magasin en ligne<\/h2>\t\t\t\t<\/div>\n\t\t\t\t<\/div>\n\t\t\t\t\t<\/div>\n\t\t<\/div>\n\t\t\t\t\t<\/div>\n\t\t<\/section>\n\t\t\t\t<section class=\"elementor-section elementor-top-section elementor-element elementor-element-e4dccc3 elementor-section-boxed elementor-section-height-default elementor-section-height-default\" data-id=\"e4dccc3\" data-element_type=\"section\">\n\t\t\t\t\t\t<div class=\"elementor-container elementor-column-gap-default\">\n\t\t\t\t\t<div class=\"elementor-column elementor-col-100 elementor-top-column elementor-element elementor-element-48d3a23\" data-id=\"48d3a23\" data-element_type=\"column\">\n\t\t\t<div class=\"elementor-widget-wrap elementor-element-populated\">\n\t\t\t\t\t\t<div class=\"elementor-element elementor-element-7888362 elementor-widget elementor-widget-spacer\" data-id=\"7888362\" data-element_type=\"widget\" data-widget_type=\"spacer.default\">\n\t\t\t\t<div class=\"elementor-widget-container\">\n\t\t\t\t\t\t\t<div class=\"elementor-spacer\">\n\t\t\t<div class=\"elementor-spacer-inner\"><\/div>\n\t\t<\/div>\n\t\t\t\t\t\t<\/div>\n\t\t\t\t<\/div>\n\t\t\t\t\t<\/div>\n\t\t<\/div>\n\t\t\t\t\t<\/div>\n\t\t<\/section>\n\t\t\t\t<section class=\"elementor-section elementor-top-section elementor-element elementor-element-488d0c0 elementor-section-boxed elementor-section-height-default elementor-section-height-default\" data-id=\"488d0c0\" data-element_type=\"section\">\n\t\t\t\t\t\t<div class=\"elementor-container elementor-column-gap-default\">\n\t\t\t\t\t<div class=\"elementor-column elementor-col-100 elementor-top-column elementor-element elementor-element-14581f70\" data-id=\"14581f70\" data-element_type=\"column\" data-settings=\"{&quot;background_background&quot;:&quot;classic&quot;}\">\n\t\t\t<div class=\"elementor-widget-wrap elementor-element-populated\">\n\t\t\t\t\t\t<div class=\"elementor-element elementor-element-507363d elementor-widget elementor-widget-text-editor\" data-id=\"507363d\" data-element_type=\"widget\" data-widget_type=\"text-editor.default\">\n\t\t\t\t<div class=\"elementor-widget-container\">\n\t\t\t\t\t\t\t\t\t<div style=\"text-align: left;\"><span style=\"color: #808080;\">Vous aimeriez acheter un ouvrage de <b><i>Friville \u00e9ditions<\/i><\/b> ?<\/span><\/div>\n<div style=\"text-align: left;\"><span style=\"color: #808080;\">Pas de probl\u00e8me, Il est l\u00e0 !!\u00a0 L\u00e0,&#8230; dans <\/span><b><i>FrivilleShop<\/i><\/b><span style=\"color: #808080;\"><b><i>,<\/i><\/b> le magasin en ligne de <b><i>Friville \u00e9ditions <\/i><\/b>!!\u00a0 <\/span><span style=\"color: #808080;\">Vous l\u2019avez trouv\u00e9 ? \u00a0<\/span><\/div>\n<div style=\"text-align: left;\"><span style=\"color: #808080;\">Alors, il suffit de cliquer sur le lien et vous pourrez payer par\u00a0 CB ou\u00a0 par ch\u00e8que .<\/span><span style=\"color: #808080;\"> Nous? nous, on vous l\u2019envoie au plus vite !!<\/span><\/div>\t\t\t\t\t\t\t\t<\/div>\n\t\t\t\t<\/div>\n\t\t\t\t<div class=\"elementor-element elementor-element-429fd9d3 elementor-widget elementor-widget-text-editor\" data-id=\"429fd9d3\" data-element_type=\"widget\" data-widget_type=\"text-editor.default\">\n\t\t\t\t<div class=\"elementor-widget-container\">\n\t\t\t\t\t\t\t\t\t<p><span style=\"color: #333333;\">Rendez-vous sur le magasin en cliquant via les liens suivants<\/span><\/p>\n<p><strong><a href=\"https:\/\/friville-editions.sumupstore.com\" target=\"_blank\" rel=\"noopener\" class=\"broken_link\">https:\/\/friville-editions.sumupstore.com<\/a><\/strong><\/p>\n<p><!-- \/wp:paragraph --><!-- wp:paragraph --><\/p>\n<p><strong><a href=\"http:\/\/www.frivilleshop.com\/index.php\">http:\/\/www.frivilleshop.com<\/a><\/strong><\/p>\n<p><!-- \/wp:paragraph --><\/p>\t\t\t\t\t\t\t\t<\/div>\n\t\t\t\t<\/div>\n\t\t\t\t\t<\/div>\n\t\t<\/div>\n\t\t\t\t\t<\/div>\n\t\t<\/section>\n\t\t\t\t<section class=\"elementor-section elementor-top-section elementor-element elementor-element-bf1464d elementor-section-boxed elementor-section-height-default elementor-section-height-default\" data-id=\"bf1464d\" data-element_type=\"section\">\n\t\t\t\t\t\t<div class=\"elementor-container elementor-column-gap-default\">\n\t\t\t\t\t<div class=\"elementor-column elementor-col-100 elementor-top-column elementor-element elementor-element-6f19065\" data-id=\"6f19065\" data-element_type=\"column\">\n\t\t\t<div class=\"elementor-widget-wrap elementor-element-populated\">\n\t\t\t\t\t\t<div class=\"elementor-element elementor-element-81f0744 elementor-widget elementor-widget-spacer\" data-id=\"81f0744\" data-element_type=\"widget\" data-widget_type=\"spacer.default\">\n\t\t\t\t<div class=\"elementor-widget-container\">\n\t\t\t\t\t\t\t<div class=\"elementor-spacer\">\n\t\t\t<div class=\"elementor-spacer-inner\"><\/div>\n\t\t<\/div>\n\t\t\t\t\t\t<\/div>\n\t\t\t\t<\/div>\n\t\t\t\t\t<\/div>\n\t\t<\/div>\n\t\t\t\t\t<\/div>\n\t\t<\/section>\n\t\t\t\t<section class=\"elementor-section elementor-top-section elementor-element elementor-element-3d2c0e2 elementor-section-boxed elementor-section-height-default elementor-section-height-default\" data-id=\"3d2c0e2\" data-element_type=\"section\">\n\t\t\t\t\t\t<div class=\"elementor-container elementor-column-gap-default\">\n\t\t\t\t\t<div class=\"elementor-column elementor-col-100 elementor-top-column elementor-element elementor-element-ccb7962\" data-id=\"ccb7962\" data-element_type=\"column\" data-settings=\"{&quot;background_background&quot;:&quot;classic&quot;}\">\n\t\t\t<div class=\"elementor-widget-wrap elementor-element-populated\">\n\t\t\t\t\t\t<div class=\"elementor-element elementor-element-43f7744 elementor-widget elementor-widget-image\" data-id=\"43f7744\" data-element_type=\"widget\" data-widget_type=\"image.default\">\n\t\t\t\t<div class=\"elementor-widget-container\">\n\t\t\t\t\t\t\t\t\t\t\t\t<figure class=\"wp-caption\">\n\t\t\t\t\t\t\t\t\t\t\t<a href=\"https:\/\/friville-editions.sumupstore.com\/\" target=\"_blank\" class=\"broken_link\">\n\t\t\t\t\t\t\t<img fetchpriority=\"high\" decoding=\"async\" width=\"480\" height=\"686\" src=\"http:\/\/www.friville-editions.org\/wordpress\/wp-content\/uploads\/2026\/03\/Friville-editions-sumupStore.png\" class=\"attachment-1536x1536 size-1536x1536 wp-image-16132\" alt=\"\" srcset=\"http:\/\/www.friville-editions.org\/wordpress\/wp-content\/uploads\/2026\/03\/Friville-editions-sumupStore.png 480w, http:\/\/www.friville-editions.org\/wordpress\/wp-content\/uploads\/2026\/03\/Friville-editions-sumupStore-210x300.png 210w\" sizes=\"(max-width: 480px) 100vw, 480px\" \/>\t\t\t\t\t\t\t\t<\/a>\n\t\t\t\t\t\t\t\t\t\t\t<figcaption class=\"widget-image-caption wp-caption-text\"><\/figcaption>\n\t\t\t\t\t\t\t\t\t\t<\/figure>\n\t\t\t\t\t\t\t\t\t<\/div>\n\t\t\t\t<\/div>\n\t\t\t\t<div class=\"elementor-element elementor-element-a601b8f elementor-widget elementor-widget-image\" data-id=\"a601b8f\" data-element_type=\"widget\" data-widget_type=\"image.default\">\n\t\t\t\t<div class=\"elementor-widget-container\">\n\t\t\t\t\t\t\t\t\t\t\t\t<figure class=\"wp-caption\">\n\t\t\t\t\t\t\t\t\t\t\t<a href=\"http:\/\/www.frivilleshop.com\" target=\"_blank\">\n\t\t\t\t\t\t\t<img decoding=\"async\" width=\"1024\" height=\"575\" src=\"http:\/\/www.friville-editions.org\/wordpress\/wp-content\/uploads\/2024\/03\/FrivillEshop-1024x948-.png\" class=\"attachment-1536x1536 size-1536x1536 wp-image-15760\" alt=\"\" srcset=\"http:\/\/www.friville-editions.org\/wordpress\/wp-content\/uploads\/2024\/03\/FrivillEshop-1024x948-.png 1024w, http:\/\/www.friville-editions.org\/wordpress\/wp-content\/uploads\/2024\/03\/FrivillEshop-1024x948--300x168.png 300w, http:\/\/www.friville-editions.org\/wordpress\/wp-content\/uploads\/2024\/03\/FrivillEshop-1024x948--768x431.png 768w\" sizes=\"(max-width: 1024px) 100vw, 1024px\" \/>\t\t\t\t\t\t\t\t<\/a>\n\t\t\t\t\t\t\t\t\t\t\t<figcaption class=\"widget-image-caption wp-caption-text\"><\/figcaption>\n\t\t\t\t\t\t\t\t\t\t<\/figure>\n\t\t\t\t\t\t\t\t\t<\/div>\n\t\t\t\t<\/div>\n\t\t\t\t\t<\/div>\n\t\t<\/div>\n\t\t\t\t\t<\/div>\n\t\t<\/section>\n\t\t\t\t<section class=\"elementor-section elementor-top-section elementor-element elementor-element-5dccef7 elementor-section-boxed elementor-section-height-default elementor-section-height-default\" data-id=\"5dccef7\" data-element_type=\"section\">\n\t\t\t\t\t\t<div class=\"elementor-container elementor-column-gap-default\">\n\t\t\t\t\t<div class=\"elementor-column elementor-col-100 elementor-top-column elementor-element elementor-element-172ae5d\" data-id=\"172ae5d\" data-element_type=\"column\">\n\t\t\t<div class=\"elementor-widget-wrap elementor-element-populated\">\n\t\t\t\t\t\t<div class=\"elementor-element elementor-element-2af17fb elementor-widget elementor-widget-spacer\" data-id=\"2af17fb\" data-element_type=\"widget\" data-widget_type=\"spacer.default\">\n\t\t\t\t<div class=\"elementor-widget-container\">\n\t\t\t\t\t\t\t<div class=\"elementor-spacer\">\n\t\t\t<div class=\"elementor-spacer-inner\"><\/div>\n\t\t<\/div>\n\t\t\t\t\t\t<\/div>\n\t\t\t\t<\/div>\n\t\t\t\t\t<\/div>\n\t\t<\/div>\n\t\t\t\t\t<\/div>\n\t\t<\/section>\n\t\t\t\t<\/div>\n\t\t","protected":false},"excerpt":{"rendered":"<p>FrivilleShop notre magasin en ligne Vous aimeriez acheter un ouvrage de Friville \u00e9ditions ? Pas de probl\u00e8me, Il est l\u00e0 !!\u00a0 L\u00e0,&#8230; dans FrivilleShop, le magasin en ligne de Friville \u00e9ditions !!\u00a0 Vous l\u2019avez trouv\u00e9 ? \u00a0 Alors, il suffit de cliquer sur le lien et vous pourrez payer par\u00a0 [&hellip;]<\/p>\n","protected":false},"author":1,"featured_media":5450,"parent":0,"menu_order":0,"comment_status":"closed","ping_status":"closed","template":"elementor_header_footer","meta":{"rop_custom_images_group":[],"rop_custom_messages_group":[],"rop_publish_now":"initial","rop_publish_now_accounts":[],"rop_publish_now_history":[],"rop_publish_now_status":"pending","footnotes":""},"class_list":["post-57","page","type-page","status-publish","has-post-thumbnail","hentry"],"_links":{"self":[{"href":"http:\/\/www.friville-editions.org\/wordpress\/index.php\/wp-json\/wp\/v2\/pages\/57","targetHints":{"allow":["GET"]}}],"collection":[{"href":"http:\/\/www.friville-editions.org\/wordpress\/index.php\/wp-json\/wp\/v2\/pages"}],"about":[{"href":"http:\/\/www.friville-editions.org\/wordpress\/index.php\/wp-json\/wp\/v2\/types\/page"}],"author":[{"embeddable":true,"href":"http:\/\/www.friville-editions.org\/wordpress\/index.php\/wp-json\/wp\/v2\/users\/1"}],"replies":[{"embeddable":true,"href":"http:\/\/www.friville-editions.org\/wordpress\/index.php\/wp-json\/wp\/v2\/comments?post=57"}],"version-history":[{"count":83,"href":"http:\/\/www.friville-editions.org\/wordpress\/index.php\/wp-json\/wp\/v2\/pages\/57\/revisions"}],"predecessor-version":[{"id":16139,"href":"http:\/\/www.friville-editions.org\/wordpress\/index.php\/wp-json\/wp\/v2\/pages\/57\/revisions\/16139"}],"wp:featuredmedia":[{"embeddable":true,"href":"http:\/\/www.friville-editions.org\/wordpress\/index.php\/wp-json\/wp\/v2\/media\/5450"}],"wp:attachment":[{"href":"http:\/\/www.friville-editions.org\/wordpress\/index.php\/wp-json\/wp\/v2\/media?parent=57"}],"curies":[{"name":"wp","href":"https:\/\/api.w.org\/{rel}","templated":true}]}}